{"id":96,"date":"2019-10-09T12:21:56","date_gmt":"2019-10-09T12:21:56","guid":{"rendered":"http:\/\/schulung.graphisoft-sued.de\/?page_id=96"},"modified":"2023-02-20T20:48:42","modified_gmt":"2023-02-20T20:48:42","slug":"modul-iii","status":"publish","type":"page","link":"https:\/\/archicad.graphisoft-sued.de\/?page_id=96","title":{"rendered":"Modul III"},"content":{"rendered":"\t\t<div data-elementor-type=\"wp-page\" data-elementor-id=\"96\" class=\"elementor elementor-96\" data-elementor-post-type=\"page\">\n\t\t\t\t\t\t<section class=\"elementor-section elementor-top-section elementor-element elementor-element-ad0f908 elementor-section-boxed elementor-section-height-default elementor-section-height-default\" data-id=\"ad0f908\" data-element_type=\"section\">\n\t\t\t\t\t\t<div class=\"elementor-container elementor-column-gap-default\">\n\t\t\t\t\t<div class=\"elementor-column elementor-col-100 elementor-top-column elementor-element elementor-element-3e5bfce\" data-id=\"3e5bfce\" data-element_type=\"column\">\n\t\t\t<div class=\"elementor-widget-wrap elementor-element-populated\">\n\t\t\t\t\t\t<div class=\"elementor-element elementor-element-ded3af8 elementor-widget elementor-widget-image\" data-id=\"ded3af8\" data-element_type=\"widget\" data-widget_type=\"image.default\">\n\t\t\t\t<div class=\"elementor-widget-container\">\n\t\t\t<style>\/*! elementor - v3.19.0 - 07-02-2024 *\/\n.elementor-widget-image{text-align:center}.elementor-widget-image a{display:inline-block}.elementor-widget-image a img[src$=\".svg\"]{width:48px}.elementor-widget-image img{vertical-align:middle;display:inline-block}<\/style>\t\t\t\t\t\t\t\t\t\t<img decoding=\"async\" src=\"http:\/\/schulung.graphisoft-sued.de\/wp-content\/uploads\/2019\/12\/PIC-ModIII.png\" title=\"\" alt=\"\" loading=\"lazy\" \/>\t\t\t\t\t\t\t\t\t\t\t\t\t<\/div>\n\t\t\t\t<\/div>\n\t\t\t\t\t<\/div>\n\t\t<\/div>\n\t\t\t\t\t<\/div>\n\t\t<\/section>\n\t\t\t\t<section class=\"elementor-section elementor-top-section elementor-element elementor-element-aa22cf6 elementor-section-boxed elementor-section-height-default elementor-section-height-default\" data-id=\"aa22cf6\" data-element_type=\"section\">\n\t\t\t\t\t\t<div class=\"elementor-container elementor-column-gap-default\">\n\t\t\t\t\t<div class=\"elementor-column elementor-col-100 elementor-top-column elementor-element elementor-element-48b46888\" data-id=\"48b46888\" data-element_type=\"column\">\n\t\t\t<div class=\"elementor-widget-wrap elementor-element-populated\">\n\t\t\t\t\t\t<div class=\"elementor-element elementor-element-10295847 elementor-widget elementor-widget-text-editor\" data-id=\"10295847\" data-element_type=\"widget\" data-widget_type=\"text-editor.default\">\n\t\t\t\t<div class=\"elementor-widget-container\">\n\t\t\t<style>\/*! elementor - v3.19.0 - 07-02-2024 *\/\n.elementor-widget-text-editor.elementor-drop-cap-view-stacked .elementor-drop-cap{background-color:#69727d;color:#fff}.elementor-widget-text-editor.elementor-drop-cap-view-framed .elementor-drop-cap{color:#69727d;border:3px solid;background-color:transparent}.elementor-widget-text-editor:not(.elementor-drop-cap-view-default) .elementor-drop-cap{margin-top:8px}.elementor-widget-text-editor:not(.elementor-drop-cap-view-default) .elementor-drop-cap-letter{width:1em;height:1em}.elementor-widget-text-editor .elementor-drop-cap{float:left;text-align:center;line-height:1;font-size:50px}.elementor-widget-text-editor .elementor-drop-cap-letter{display:inline-block}<\/style>\t\t\t\t<p><!-- wp:heading --><\/p>\n<h2>Archicad BIM Dokumentation<\/h2>\n<p><!-- \/wp:heading --><!-- wp:heading --><\/p>\n<h2>Was werden Sie in diesem Kurs lernen?<\/h2>\n<p><!-- \/wp:heading --><!-- wp:paragraph --><\/p>\n<p>In diesem Kurs lernen Sie den richtigen Weg vom Geb\u00e4udemodell zur Planausgabe. Es werden alle notwendigen Sichten wie Schnitte, Ansichten, Innenansichten, Detail- und Arbeitsbl\u00e4tter sowie 3D-Dokumente erstellt. Auch alphanumerische Sichten, wie Auswertungen und Listen d\u00fcrfen dabei nat\u00fcrlich nicht fehlen. Sie erlernen den souver\u00e4nen Umgang mit Modelldarstellungen, Ebenenkombinationen, der Strukturdarstellung, den Umbau-Funktionen sowie Ausschnitten in\u00a0Archicad\u00a0 Der Layoutbereich mit Masterlayouts, Zeichnungstitel und Zeichnungsmanager rundet den Kurs ab. Zuletzt werden Plan-Indizes erstellt und der Publisher f\u00fcr die Datei- und Druckausgabe verwendet.<\/p>\n<p><!-- \/wp:paragraph --><!-- wp:heading --><\/p>\n<h2>Inhalt<\/h2>\n<p><!-- \/wp:heading --><!-- wp:list --><\/p>\n<ul>\n<li>Ansichten\/Schnitte\/Innenansichten<\/li>\n<li>Details und Arbeitsbl\u00e4tter<\/li>\n<li>3D Dokumente<\/li>\n<li>Auswertungen und Listen<\/li>\n<li>Umbaufunktion<\/li>\n<li>Ausschnitte erstellen und verwalten<\/li>\n<li>Vertiefung zur Ausarbeitung und Verwaltung von spezifischen Sichten mit vordefinierten Einstellungen als Ausschnitt und Klone<\/li>\n<li>Layoutbuch<\/li>\n<li>Masterlayouts und Zeichnungstitel<\/li>\n<li>Publisherfunktionen<\/li>\n<\/ul>\n<p><a href=\"http:\/\/schulung.graphisoft-sued.de\/modul-iii-detaillierte-kursinhalte\/\">F\u00fcr mehr Details klicken Sie hier<\/a><\/p>\n<p><!-- \/wp:list --><!-- wp:heading --><\/p>\n<h2>Voraussetzung<\/h2>\n<p><!-- \/wp:heading --><!-- wp:paragraph --><\/p>\n<p>Das Modul II\u00a0Archicad\u00a0BIM Modellierung dient als Basiswissen f\u00fcr diesen Kurs oder die erfolgreiche Qualifizierung durch den Online-Evaluierungstest, dieser wird Ihnen gerne unverbindlich zugesandt.<\/p>\n<p><!-- \/wp:paragraph --><!-- wp:heading --><\/p>\n<h2>Kursdauer &amp; Investition<\/h2>\n<p><!-- \/wp:heading --><\/p>\n<p><!-- wp:paragraph {\"backgroundColor\":\"cyan-bluish-gray\"} --><\/p>\n<p class=\"has-background has-cyan-bluish-gray-background-color\"><span class=\"tadv-color\" style=\"color: #313131;\">\u200b<i class=\"fas fa-user-clock\" style=\"font-size: 1.50em;\"><\/i>\u00a0 \u00a0 2 t\u00e4giges Schulungsmodul<\/span><\/p>\n<p><!-- \/wp:paragraph --><\/p>\n<p><!-- wp:paragraph {\"backgroundColor\":\"cyan-bluish-gray\"} --><\/p>\n<p class=\"has-background has-cyan-bluish-gray-background-color\"><span class=\"tadv-color\" style=\"color: #313131;\"> <i class=\"fas fa-clock\" style=\"font-size: 1.50em;\"><\/i> \u00a0\u00a0\u00a0 \u00a0Schulungszeiten jeweils von 9 Uhr &#8211; 16 Uhr (1 Std. Mittagspause)<\/span><\/p>\n<p><!-- \/wp:paragraph --><\/p>\n<p><!-- wp:paragraph {\"backgroundColor\":\"cyan-bluish-gray\"} --><\/p>\n<p class=\"has-background has-cyan-bluish-gray-background-color\"><span class=\"tadv-color\" style=\"color: #313131;\"> <i class=\"fas fa-book\" style=\"font-size: 1.50em;\"><\/i> \u00a0\u00a0\u00a0\u00a0 \u00a0Der Kurs basiert auf einem 140 seitigen Skript welches jedem Schulungsteilnehmer zur Verf\u00fcgung gestellt wird<\/span><\/p>\n<p><!-- \/wp:paragraph --><\/p>\n<p><!-- wp:paragraph {\"backgroundColor\":\"cyan-bluish-gray\"} --><\/p>\n<p class=\"has-background has-cyan-bluish-gray-background-color\"><span class=\"tadv-color\" style=\"color: #313131;\"> <i class=\"fas fa-info-circle\" style=\"font-size: 1.50em;\"><\/i> \u00a0\u00a0\u00a0\u00a0 Fort-\/Weiterbildungspunkte f\u00fcr die Architektenkammer Baden-W\u00fcrttemberg (16 anerkannte Stunden)<\/span><\/p>\n<p><!-- \/wp:paragraph --><\/p>\n<p><!-- wp:paragraph {\"align\":\"left\"} --><\/p>\n<p><!-- wp:paragraph {\"align\":\"left\"} --><\/p>\n<p style=\"text-align: left;\"><em>Investition je Teilnehmer<\/em>:<\/p>\n<p><!-- \/wp:paragraph --><!-- wp:paragraph --><\/p>\n<p>960,- Euro (exkl. USt.) ohne Servicevertrag<br \/>790,- Euro (exkl. USt.) mit Servicevertrag<br \/><span style=\"font-size: 10pt;\">Die Rechnungsstellung erfolgt nach Anmeldung. <\/span><span style=\"font-size: 10pt;\">Zahlungsziel: Innerhalb 8 Tagen, rein Netto<\/span><\/p>\n<p><!-- \/wp:paragraph --><\/p>\t\t\t\t\t\t<\/div>\n\t\t\t\t<\/div>\n\t\t\t\t\t<\/div>\n\t\t<\/div>\n\t\t\t\t\t<\/div>\n\t\t<\/section>\n\t\t\t\t<section class=\"elementor-section elementor-top-section elementor-element elementor-element-edaacad elementor-section-boxed elementor-section-height-default elementor-section-height-default\" data-id=\"edaacad\" data-element_type=\"section\">\n\t\t\t\t\t\t<div class=\"elementor-container elementor-column-gap-default\">\n\t\t\t\t\t<div class=\"elementor-column elementor-col-100 elementor-top-column elementor-element elementor-element-fef5661\" data-id=\"fef5661\" data-element_type=\"column\">\n\t\t\t<div class=\"elementor-widget-wrap elementor-element-populated\">\n\t\t\t\t\t\t<div class=\"elementor-element elementor-element-5038103 elementor-align-center elementor-widget elementor-widget-button\" data-id=\"5038103\" data-element_type=\"widget\" data-widget_type=\"button.default\">\n\t\t\t\t<div class=\"elementor-widget-container\">\n\t\t\t\t\t<div class=\"elementor-button-wrapper\">\n\t\t\t<a class=\"elementor-button elementor-button-link elementor-size-md elementor-animation-grow\" href=\"http:\/\/schulung.graphisoft-sued.de\/schulungspaket-modul-iiiiii\/\">\n\t\t\t\t\t\t<span class=\"elementor-button-content-wrapper\">\n\t\t\t\t\t\t<span class=\"elementor-button-text\">Bestellen Sie jetzt Ihr Schulungspaket Modul II + Modul III und sparen Sie mit dem Paketpreis<\/span>\n\t\t<\/span>\n\t\t\t\t\t<\/a>\n\t\t<\/div>\n\t\t\t\t<\/div>\n\t\t\t\t<\/div>\n\t\t\t\t\t<\/div>\n\t\t<\/div>\n\t\t\t\t\t<\/div>\n\t\t<\/section>\n\t\t\t\t<section class=\"elementor-section elementor-top-section elementor-element elementor-element-ffa5cea elementor-section-boxed elementor-section-height-default elementor-section-height-default\" data-id=\"ffa5cea\" data-element_type=\"section\">\n\t\t\t\t\t\t<div class=\"elementor-container elementor-column-gap-default\">\n\t\t\t\t\t<div class=\"elementor-column elementor-col-100 elementor-top-column elementor-element elementor-element-1471088\" data-id=\"1471088\" data-element_type=\"column\">\n\t\t\t<div class=\"elementor-widget-wrap\">\n\t\t\t\t\t\t\t<\/div>\n\t\t<\/div>\n\t\t\t\t\t<\/div>\n\t\t<\/section>\n\t\t\t\t<section class=\"elementor-section elementor-top-section elementor-element elementor-element-8fc8cfc elementor-section-boxed elementor-section-height-default elementor-section-height-default\" data-id=\"8fc8cfc\" data-element_type=\"section\">\n\t\t\t\t\t\t<div class=\"elementor-container elementor-column-gap-default\">\n\t\t\t\t\t<div class=\"elementor-column elementor-col-100 elementor-top-column elementor-element elementor-element-f3dd1c3\" data-id=\"f3dd1c3\" data-element_type=\"column\">\n\t\t\t<div class=\"elementor-widget-wrap elementor-element-populated\">\n\t\t\t\t\t\t<div class=\"elementor-element elementor-element-89120ca elementor-widget-divider--view-line elementor-widget elementor-widget-divider\" data-id=\"89120ca\" data-element_type=\"widget\" data-widget_type=\"divider.default\">\n\t\t\t\t<div class=\"elementor-widget-container\">\n\t\t\t<style>\/*! elementor - v3.19.0 - 07-02-2024 *\/\n.elementor-widget-divider{--divider-border-style:none;--divider-border-width:1px;--divider-color:#0c0d0e;--divider-icon-size:20px;--divider-element-spacing:10px;--divider-pattern-height:24px;--divider-pattern-size:20px;--divider-pattern-url:none;--divider-pattern-repeat:repeat-x}.elementor-widget-divider .elementor-divider{display:flex}.elementor-widget-divider .elementor-divider__text{font-size:15px;line-height:1;max-width:95%}.elementor-widget-divider .elementor-divider__element{margin:0 var(--divider-element-spacing);flex-shrink:0}.elementor-widget-divider .elementor-icon{font-size:var(--divider-icon-size)}.elementor-widget-divider .elementor-divider-separator{display:flex;margin:0;direction:ltr}.elementor-widget-divider--view-line_icon .elementor-divider-separator,.elementor-widget-divider--view-line_text .elementor-divider-separator{align-items:center}.elementor-widget-divider--view-line_icon .elementor-divider-separator:after,.elementor-widget-divider--view-line_icon .elementor-divider-separator:before,.elementor-widget-divider--view-line_text .elementor-divider-separator:after,.elementor-widget-divider--view-line_text .elementor-divider-separator:before{display:block;content:\"\";border-block-end:0;flex-grow:1;border-block-start:var(--divider-border-width) var(--divider-border-style) var(--divider-color)}.elementor-widget-divider--element-align-left .elementor-divider .elementor-divider-separator>.elementor-divider__svg:first-of-type{flex-grow:0;flex-shrink:100}.elementor-widget-divider--element-align-left .elementor-divider-separator:before{content:none}.elementor-widget-divider--element-align-left .elementor-divider__element{margin-left:0}.elementor-widget-divider--element-align-right .elementor-divider .elementor-divider-separator>.elementor-divider__svg:last-of-type{flex-grow:0;flex-shrink:100}.elementor-widget-divider--element-align-right .elementor-divider-separator:after{content:none}.elementor-widget-divider--element-align-right .elementor-divider__element{margin-right:0}.elementor-widget-divider--element-align-start .elementor-divider .elementor-divider-separator>.elementor-divider__svg:first-of-type{flex-grow:0;flex-shrink:100}.elementor-widget-divider--element-align-start .elementor-divider-separator:before{content:none}.elementor-widget-divider--element-align-start .elementor-divider__element{margin-inline-start:0}.elementor-widget-divider--element-align-end .elementor-divider .elementor-divider-separator>.elementor-divider__svg:last-of-type{flex-grow:0;flex-shrink:100}.elementor-widget-divider--element-align-end .elementor-divider-separator:after{content:none}.elementor-widget-divider--element-align-end .elementor-divider__element{margin-inline-end:0}.elementor-widget-divider:not(.elementor-widget-divider--view-line_text):not(.elementor-widget-divider--view-line_icon) .elementor-divider-separator{border-block-start:var(--divider-border-width) var(--divider-border-style) var(--divider-color)}.elementor-widget-divider--separator-type-pattern{--divider-border-style:none}.elementor-widget-divider--separator-type-pattern.elementor-widget-divider--view-line .elementor-divider-separator,.elementor-widget-divider--separator-type-pattern:not(.elementor-widget-divider--view-line) .elementor-divider-separator:after,.elementor-widget-divider--separator-type-pattern:not(.elementor-widget-divider--view-line) .elementor-divider-separator:before,.elementor-widget-divider--separator-type-pattern:not([class*=elementor-widget-divider--view]) .elementor-divider-separator{width:100%;min-height:var(--divider-pattern-height);-webkit-mask-size:var(--divider-pattern-size) 100%;mask-size:var(--divider-pattern-size) 100%;-webkit-mask-repeat:var(--divider-pattern-repeat);mask-repeat:var(--divider-pattern-repeat);background-color:var(--divider-color);-webkit-mask-image:var(--divider-pattern-url);mask-image:var(--divider-pattern-url)}.elementor-widget-divider--no-spacing{--divider-pattern-size:auto}.elementor-widget-divider--bg-round{--divider-pattern-repeat:round}.rtl .elementor-widget-divider .elementor-divider__text{direction:rtl}.e-con-inner>.elementor-widget-divider,.e-con>.elementor-widget-divider{width:var(--container-widget-width,100%);--flex-grow:var(--container-widget-flex-grow)}<\/style>\t\t<div class=\"elementor-divider\">\n\t\t\t<span class=\"elementor-divider-separator\">\n\t\t\t\t\t\t<\/span>\n\t\t<\/div>\n\t\t\t\t<\/div>\n\t\t\t\t<\/div>\n\t\t\t\t\t<\/div>\n\t\t<\/div>\n\t\t\t\t\t<\/div>\n\t\t<\/section>\n\t\t\t\t<\/div>\n\t\t","protected":false},"excerpt":{"rendered":"<p>Archicad BIM Dokumentation Was werden Sie in diesem Kurs lernen? In diesem Kurs lernen Sie den richtigen Weg vom Geb\u00e4udemodell [&hellip;]<\/p>\n","protected":false},"author":1,"featured_media":0,"parent":0,"menu_order":0,"comment_status":"closed","ping_status":"closed","template":"","meta":{"site-sidebar-layout":"default","site-content-layout":"","ast-site-content-layout":"","site-content-style":"default","site-sidebar-style":"default","ast-global-header-display":"","ast-banner-title-visibility":"","ast-main-header-display":"","ast-hfb-above-header-display":"","ast-hfb-below-header-display":"","ast-hfb-mobile-header-display":"","site-post-title":"","ast-breadcrumbs-content":"","ast-featured-img":"","footer-sml-layout":"","theme-transparent-header-meta":"","adv-header-id-meta":"","stick-header-meta":"","header-above-stick-meta":"","header-main-stick-meta":"","header-below-stick-meta":"","astra-migrate-meta-layouts":"default","ast-page-background-enabled":"default","ast-page-background-meta":{"desktop":{"background-color":"var(--ast-global-color-4)","background-image":"","background-repeat":"repeat","background-position":"center center","background-size":"auto","background-attachment":"scroll","background-type":"","background-media":"","overlay-type":"","overlay-color":"","overlay-gradient":""},"tablet":{"background-color":"","background-image":"","background-repeat":"repeat","background-position":"center center","background-size":"auto","background-attachment":"scroll","background-type":"","background-media":"","overlay-type":"","overlay-color":"","overlay-gradient":""},"mobile":{"background-color":"","background-image":"","background-repeat":"repeat","background-position":"center center","background-size":"auto","background-attachment":"scroll","background-type":"","background-media":"","overlay-type":"","overlay-color":"","overlay-gradient":""}},"ast-content-background-meta":{"desktop":{"background-color":"var(--ast-global-color-5)","background-image":"","background-repeat":"repeat","background-position":"center center","background-size":"auto","background-attachment":"scroll","background-type":"","background-media":"","overlay-type":"","overlay-color":"","overlay-gradient":""},"tablet":{"background-color":"var(--ast-global-color-5)","background-image":"","background-repeat":"repeat","background-position":"center center","background-size":"auto","background-attachment":"scroll","background-type":"","background-media":"","overlay-type":"","overlay-color":"","overlay-gradient":""},"mobile":{"background-color":"var(--ast-global-color-5)","background-image":"","background-repeat":"repeat","background-position":"center center","background-size":"auto","background-attachment":"scroll","background-type":"","background-media":"","overlay-type":"","overlay-color":"","overlay-gradient":""}},"footnotes":""},"class_list":["post-96","page","type-page","status-publish","hentry"],"_links":{"self":[{"href":"https:\/\/archicad.graphisoft-sued.de\/index.php?rest_route=\/wp\/v2\/pages\/96","targetHints":{"allow":["GET"]}}],"collection":[{"href":"https:\/\/archicad.graphisoft-sued.de\/index.php?rest_route=\/wp\/v2\/pages"}],"about":[{"href":"https:\/\/archicad.graphisoft-sued.de\/index.php?rest_route=\/wp\/v2\/types\/page"}],"author":[{"embeddable":true,"href":"https:\/\/archicad.graphisoft-sued.de\/index.php?rest_route=\/wp\/v2\/users\/1"}],"replies":[{"embeddable":true,"href":"https:\/\/archicad.graphisoft-sued.de\/index.php?rest_route=%2Fwp%2Fv2%2Fcomments&post=96"}],"version-history":[{"count":3,"href":"https:\/\/archicad.graphisoft-sued.de\/index.php?rest_route=\/wp\/v2\/pages\/96\/revisions"}],"predecessor-version":[{"id":1128,"href":"https:\/\/archicad.graphisoft-sued.de\/index.php?rest_route=\/wp\/v2\/pages\/96\/revisions\/1128"}],"wp:attachment":[{"href":"https:\/\/archicad.graphisoft-sued.de\/index.php?rest_route=%2Fwp%2Fv2%2Fmedia&parent=96"}],"curies":[{"name":"wp","href":"https:\/\/api.w.org\/{rel}","templated":true}]}}