{"id":89,"date":"2019-10-09T12:11:35","date_gmt":"2019-10-09T12:11:35","guid":{"rendered":"http:\/\/schulung.graphisoft-sued.de\/?page_id=89"},"modified":"2019-10-09T12:11:35","modified_gmt":"2019-10-09T12:11:35","slug":"modul-ii","status":"publish","type":"page","link":"https:\/\/archicad.graphisoft-sued.de\/?page_id=89","title":{"rendered":"Modul II"},"content":{"rendered":"\t\t<div data-elementor-type=\"wp-page\" data-elementor-id=\"89\" class=\"elementor elementor-89\" data-elementor-post-type=\"page\">\n\t\t\t\t\t\t<section class=\"elementor-section elementor-top-section elementor-element elementor-element-75da7cb elementor-section-boxed elementor-section-height-default elementor-section-height-default\" data-id=\"75da7cb\" data-element_type=\"section\">\n\t\t\t\t\t\t<div class=\"elementor-container elementor-column-gap-default\">\n\t\t\t\t\t<div class=\"elementor-column elementor-col-100 elementor-top-column elementor-element elementor-element-7db556f\" data-id=\"7db556f\" data-element_type=\"column\">\n\t\t\t<div class=\"elementor-widget-wrap elementor-element-populated\">\n\t\t\t\t\t\t<div class=\"elementor-element elementor-element-7277bfe elementor-widget elementor-widget-image\" data-id=\"7277bfe\" data-element_type=\"widget\" data-widget_type=\"image.default\">\n\t\t\t\t<div class=\"elementor-widget-container\">\n\t\t\t<style>\/*! elementor - v3.19.0 - 07-02-2024 *\/\n.elementor-widget-image{text-align:center}.elementor-widget-image a{display:inline-block}.elementor-widget-image a img[src$=\".svg\"]{width:48px}.elementor-widget-image img{vertical-align:middle;display:inline-block}<\/style>\t\t\t\t\t\t\t\t\t\t<img decoding=\"async\" src=\"http:\/\/schulung.graphisoft-sued.de\/wp-content\/uploads\/2019\/12\/PIC-ModII.png\" title=\"\" alt=\"\" loading=\"lazy\" \/>\t\t\t\t\t\t\t\t\t\t\t\t\t<\/div>\n\t\t\t\t<\/div>\n\t\t\t\t\t<\/div>\n\t\t<\/div>\n\t\t\t\t\t<\/div>\n\t\t<\/section>\n\t\t\t\t<section class=\"elementor-section elementor-top-section elementor-element elementor-element-5a27203a elementor-section-boxed elementor-section-height-default elementor-section-height-default\" data-id=\"5a27203a\" data-element_type=\"section\">\n\t\t\t\t\t\t<div class=\"elementor-container elementor-column-gap-default\">\n\t\t\t\t\t<div class=\"elementor-column elementor-col-100 elementor-top-column elementor-element elementor-element-29d9197d\" data-id=\"29d9197d\" data-element_type=\"column\">\n\t\t\t<div class=\"elementor-widget-wrap elementor-element-populated\">\n\t\t\t\t\t\t<div class=\"elementor-element elementor-element-4af1c189 elementor-widget elementor-widget-text-editor\" data-id=\"4af1c189\" data-element_type=\"widget\" data-widget_type=\"text-editor.default\">\n\t\t\t\t<div class=\"elementor-widget-container\">\n\t\t\t<style>\/*! elementor - v3.19.0 - 07-02-2024 *\/\n.elementor-widget-text-editor.elementor-drop-cap-view-stacked .elementor-drop-cap{background-color:#69727d;color:#fff}.elementor-widget-text-editor.elementor-drop-cap-view-framed .elementor-drop-cap{color:#69727d;border:3px solid;background-color:transparent}.elementor-widget-text-editor:not(.elementor-drop-cap-view-default) .elementor-drop-cap{margin-top:8px}.elementor-widget-text-editor:not(.elementor-drop-cap-view-default) .elementor-drop-cap-letter{width:1em;height:1em}.elementor-widget-text-editor .elementor-drop-cap{float:left;text-align:center;line-height:1;font-size:50px}.elementor-widget-text-editor .elementor-drop-cap-letter{display:inline-block}<\/style>\t\t\t\t<p><!-- wp:heading --><\/p>\n<h2>Archicad BIM Modellierung<\/h2>\n<p><!-- \/wp:heading --><\/p>\n<p><!-- wp:heading --><\/p>\n<h2>Was werden Sie in diesem Kurs lernen?<\/h2>\n<p><!-- \/wp:heading --><\/p>\n<p><!-- wp:paragraph --><\/p>\n<p>In diesem Kurs erlernen Sie alle Funktionen, die zum Modellieren eines korrekten Geb\u00e4udemodells in\u00a0Archicad\u00a0notwendig sind. Um korrekte Schnittdarstellungen, wie auch richtige Massen f\u00fcr Ihre Kostensch\u00e4tzung zu erhalten. Dabei lernen Sie das effiziente Modellieren mit den Standardwerkzeugen, wie St\u00fctzen- und Unterz\u00fcgen-, dem Fassaden-, Schalen-, Morph- und dem\u00a0Archicad\u00a0Profil-Werkzeug. Nat\u00fcrlich erlernen Sie auch den souver\u00e4nen Umgang mit den Solid Element-Befehlen und mehrschichtigen Bauteilen. Sie erstellen eigene Bibliothekselemente wie Objekte, Fenster und T\u00fcren und\u00a0erlernen Techniken, wie diese nachtr\u00e4glich mit eigenen Parametern versehen werden k\u00f6nnen.<\/p>\n<p><!-- \/wp:paragraph --><\/p>\n<p><!-- wp:heading --><\/p>\n<h2>Inhalt<\/h2>\n<p><!-- \/wp:heading --><\/p>\n<p><!-- wp:list --><\/p>\n<ul>\n<li>Mehrschichtige Bauteile<\/li>\n<li>St\u00fctzen\/Tr\u00e4ger<\/li>\n<li>Profil-Werkzeug<\/li>\n<li>Treppen-\/Gel\u00e4nder- Werkzeug<\/li>\n<li>Solid-Element-Befehle<\/li>\n<li>Fassadenwerkzeug<\/li>\n<li>Schalen-Werkzeug<\/li>\n<li>Morph-Werkzeug<\/li>\n<li>Bibliothekenmanagement und Objekterstellung<\/li>\n<\/ul>\n<div><a href=\"http:\/\/schulung.graphisoft-sued.de\/modul-i-detaillierte-kursinhalte\/\">F\u00fcr mehr Details klicken Sie hier<\/a><span style=\"color: #737f85;\"><span style=\"caret-color: #737f85; font-size: 15px;\">\u00a0<\/span><\/span><\/div>\n<p><!-- \/wp:list --><\/p>\n<p><!-- wp:heading --><\/p>\n<h2>Voraussetzung<\/h2>\n<p><!-- \/wp:heading --><\/p>\n<p><!-- wp:paragraph --><\/p>\n<p>Das Modul I\u00a0Archicad\u00a0Grundkurs dient als Basiswissen f\u00fcr diesen Kurs oder die erfolgreiche Qualifizierung durch den Online-Evaluierungstest, dieser wird Ihnen gerne unverbindlich zugesandt.<\/p>\n<p><!-- \/wp:paragraph --><\/p>\n<p><!-- wp:heading --><\/p>\n<h2>Kursdauer &amp; Investition<\/h2>\n<p><!-- \/wp:heading --><\/p>\n<p><!-- wp:paragraph {\"backgroundColor\":\"cyan-bluish-gray\"} --><\/p>\n<p class=\"has-background has-cyan-bluish-gray-background-color\"><span class=\"tadv-color\" style=\"color: #313131;\">\u200b<i class=\"fas fa-user-clock\" style=\"font-size: 1.50em;\"><\/i>\u00a0 \u00a0 2 t\u00e4giges Schulungsmodul<\/span><\/p>\n<p><!-- \/wp:paragraph --><\/p>\n<p><!-- wp:paragraph {\"backgroundColor\":\"cyan-bluish-gray\"} --><\/p>\n<p class=\"has-background has-cyan-bluish-gray-background-color\"><span class=\"tadv-color\" style=\"color: #313131;\"> <i class=\"fas fa-clock\" style=\"font-size: 1.50em;\"><\/i> \u00a0\u00a0\u00a0 \u00a0Schulungszeiten jeweils von 9 Uhr &#8211; 16 Uhr (1 Std. Mittagspause)<\/span><\/p>\n<p><!-- \/wp:paragraph --><\/p>\n<p><!-- wp:paragraph {\"backgroundColor\":\"cyan-bluish-gray\"} --><\/p>\n<p class=\"has-background has-cyan-bluish-gray-background-color\"><span class=\"tadv-color\" style=\"color: #313131;\"> <i class=\"fas fa-book\" style=\"font-size: 1.50em;\"><\/i> \u00a0\u00a0\u00a0\u00a0 \u00a0Der Kurs basiert auf einem 200 seitigen Skript welches jedem Schulungsteilnehmer zur Verf\u00fcgung gestellt wird<\/span><\/p>\n<p><!-- \/wp:paragraph --><\/p>\n<p><!-- wp:paragraph {\"backgroundColor\":\"cyan-bluish-gray\"} --><\/p>\n<p class=\"has-background has-cyan-bluish-gray-background-color\"><span class=\"tadv-color\" style=\"color: #313131;\"> <i class=\"fas fa-info-circle\" style=\"font-size: 1.50em;\"><\/i> \u00a0\u00a0\u00a0\u00a0 Fort-\/Weiterbildungspunkte f\u00fcr die Architektenkammer Baden-W\u00fcrttemberg (16 anerkannte Stunden)<\/span><\/p>\n<p><!-- \/wp:paragraph --><\/p>\n<p><!-- wp:paragraph {\"align\":\"left\"} --><\/p>\n<p style=\"text-align: left;\"><em>Investition je Teilnehmer<\/em>:<\/p>\n<p><!-- \/wp:paragraph --><\/p>\n<p><!-- wp:paragraph --><\/p>\n<p>960,- Euro (exkl. USt.) ohne Servicevertrag<br \/>790,- Euro (exkl. USt.) mit Servicevertrag<br \/><span style=\"font-size: 10pt;\">Die Rechnungsstellung erfolgt nach Anmeldung. <\/span><span style=\"font-size: 10pt;\">Zahlungsziel: Innerhalb 8 Tagen, rein Netto.<\/span><\/p>\n<p><!-- \/wp:paragraph --><\/p>\t\t\t\t\t\t<\/div>\n\t\t\t\t<\/div>\n\t\t\t\t\t<\/div>\n\t\t<\/div>\n\t\t\t\t\t<\/div>\n\t\t<\/section>\n\t\t\t\t<section class=\"elementor-section elementor-top-section elementor-element elementor-element-9af2d63 elementor-section-boxed elementor-section-height-default elementor-section-height-default\" data-id=\"9af2d63\" data-element_type=\"section\">\n\t\t\t\t\t\t<div class=\"elementor-container elementor-column-gap-default\">\n\t\t\t\t\t<div class=\"elementor-column elementor-col-100 elementor-top-column elementor-element elementor-element-b251108\" data-id=\"b251108\" data-element_type=\"column\">\n\t\t\t<div class=\"elementor-widget-wrap elementor-element-populated\">\n\t\t\t\t\t\t<div class=\"elementor-element elementor-element-d604719 elementor-align-center elementor-widget__width-inherit elementor-widget elementor-widget-button\" data-id=\"d604719\" data-element_type=\"widget\" data-widget_type=\"button.default\">\n\t\t\t\t<div class=\"elementor-widget-container\">\n\t\t\t\t\t<div class=\"elementor-button-wrapper\">\n\t\t\t<a class=\"elementor-button elementor-button-link elementor-size-md elementor-animation-grow\" href=\"http:\/\/schulung.graphisoft-sued.de\/schulungspaket-modul-iiiiii\/\">\n\t\t\t\t\t\t<span class=\"elementor-button-content-wrapper\">\n\t\t\t\t\t\t<span class=\"elementor-button-text\">Bestellen Sie jetzt Ihr Schulungspaket Modul II + Modul III und sparen Sie mit dem Paketpreis<\/span>\n\t\t<\/span>\n\t\t\t\t\t<\/a>\n\t\t<\/div>\n\t\t\t\t<\/div>\n\t\t\t\t<\/div>\n\t\t\t\t\t<\/div>\n\t\t<\/div>\n\t\t\t\t\t<\/div>\n\t\t<\/section>\n\t\t\t\t<section class=\"elementor-section elementor-top-section elementor-element elementor-element-2a88322 elementor-section-boxed elementor-section-height-default elementor-section-height-default\" data-id=\"2a88322\" data-element_type=\"section\">\n\t\t\t\t\t\t<div class=\"elementor-container elementor-column-gap-default\">\n\t\t\t\t\t<div class=\"elementor-column elementor-col-100 elementor-top-column elementor-element elementor-element-fc48a0c\" data-id=\"fc48a0c\" data-element_type=\"column\">\n\t\t\t<div class=\"elementor-widget-wrap elementor-element-populated\">\n\t\t\t\t\t\t<div class=\"elementor-element elementor-element-a9db22f elementor-widget elementor-widget-wp-widget-xyz_insert_php_widget\" data-id=\"a9db22f\" data-element_type=\"widget\" data-widget_type=\"wp-widget-xyz_insert_php_widget.default\">\n\t\t\t\t<div class=\"elementor-widget-container\">\n\t\t\t<div class=\"kursterminouter clearfix\">\r\n\t<div class=\"clearfix kurstermininner\">\r\n\t\t<h3>Kurstermine &amp; Anmeldung<\/h3>\r\n\t\t<h4>Termine<\/h4>\r\n\t\t<ul class=\"kurstermin-wrap\">\r\n\t\t\t<li class=\"kurstermin-content\">\r\n\t\t\t\t<span class=\"kurstermin-link\">\r\n\t\t\t\t\t<span class=\"kurstermin-headline status-rot\">Termine auf Anfrage<\/span>\r\n\t\t\t\t<\/span>\r\n\t\t\t<\/li>\r\n\t\t<\/ul>\r\n\t<\/div>\r\n\t<div class=\"clearfix kursortinner\">\n        <h4>Schulungs-Ort: &nbsp;GRAPHISOFT Center S\u00fcd \u2022 Sammlungsgasse 4 \u2022 89073 Ulm &nbsp;&nbsp;\n<a href=\"https:\/\/goo.gl\/maps\/Wavtp9bbKh7ggM7Y8\" target=\u201d_blank\u201d >Anfahrt<\/a><\/h4>\n<p><\/p>\n\t<div class=\"kursauslastung clearfix\">\n\t\t<p class=\"kurstermin-headline status-gruen\">Es sind genug Pl\u00e4tze vorhanden.<\/p>\n\t\t<p class=\"kurstermin-headline status-gelb\">Nur noch wenige Pl\u00e4tze frei.<\/p>\n\t\t<p class=\"kurstermin-headline status-rot\">Leider keine Pl\u00e4tze mehr frei.<br>\n\t\t\t<span class=\"wartelist\">Anmeldung auf Warteliste m\u00f6glich.<\/span><\/p>\n\t<\/div>\n<\/div>\r\n<\/div>\t\t<\/div>\n\t\t\t\t<\/div>\n\t\t\t\t\t<\/div>\n\t\t<\/div>\n\t\t\t\t\t<\/div>\n\t\t<\/section>\n\t\t\t\t<section class=\"elementor-section elementor-top-section elementor-element elementor-element-9b63e33 elementor-section-boxed elementor-section-height-default elementor-section-height-default\" data-id=\"9b63e33\" data-element_type=\"section\">\n\t\t\t\t\t\t<div class=\"elementor-container elementor-column-gap-default\">\n\t\t\t\t\t<div class=\"elementor-column elementor-col-100 elementor-top-column elementor-element elementor-element-563a3c4\" data-id=\"563a3c4\" data-element_type=\"column\">\n\t\t\t<div class=\"elementor-widget-wrap elementor-element-populated\">\n\t\t\t\t\t\t<div class=\"elementor-element elementor-element-f387031 elementor-widget-divider--view-line elementor-widget elementor-widget-divider\" data-id=\"f387031\" data-element_type=\"widget\" data-widget_type=\"divider.default\">\n\t\t\t\t<div class=\"elementor-widget-container\">\n\t\t\t<style>\/*! elementor - v3.19.0 - 07-02-2024 *\/\n.elementor-widget-divider{--divider-border-style:none;--divider-border-width:1px;--divider-color:#0c0d0e;--divider-icon-size:20px;--divider-element-spacing:10px;--divider-pattern-height:24px;--divider-pattern-size:20px;--divider-pattern-url:none;--divider-pattern-repeat:repeat-x}.elementor-widget-divider .elementor-divider{display:flex}.elementor-widget-divider .elementor-divider__text{font-size:15px;line-height:1;max-width:95%}.elementor-widget-divider .elementor-divider__element{margin:0 var(--divider-element-spacing);flex-shrink:0}.elementor-widget-divider .elementor-icon{font-size:var(--divider-icon-size)}.elementor-widget-divider .elementor-divider-separator{display:flex;margin:0;direction:ltr}.elementor-widget-divider--view-line_icon .elementor-divider-separator,.elementor-widget-divider--view-line_text .elementor-divider-separator{align-items:center}.elementor-widget-divider--view-line_icon .elementor-divider-separator:after,.elementor-widget-divider--view-line_icon .elementor-divider-separator:before,.elementor-widget-divider--view-line_text .elementor-divider-separator:after,.elementor-widget-divider--view-line_text .elementor-divider-separator:before{display:block;content:\"\";border-block-end:0;flex-grow:1;border-block-start:var(--divider-border-width) var(--divider-border-style) var(--divider-color)}.elementor-widget-divider--element-align-left .elementor-divider .elementor-divider-separator>.elementor-divider__svg:first-of-type{flex-grow:0;flex-shrink:100}.elementor-widget-divider--element-align-left .elementor-divider-separator:before{content:none}.elementor-widget-divider--element-align-left .elementor-divider__element{margin-left:0}.elementor-widget-divider--element-align-right .elementor-divider .elementor-divider-separator>.elementor-divider__svg:last-of-type{flex-grow:0;flex-shrink:100}.elementor-widget-divider--element-align-right .elementor-divider-separator:after{content:none}.elementor-widget-divider--element-align-right .elementor-divider__element{margin-right:0}.elementor-widget-divider--element-align-start .elementor-divider .elementor-divider-separator>.elementor-divider__svg:first-of-type{flex-grow:0;flex-shrink:100}.elementor-widget-divider--element-align-start .elementor-divider-separator:before{content:none}.elementor-widget-divider--element-align-start .elementor-divider__element{margin-inline-start:0}.elementor-widget-divider--element-align-end .elementor-divider .elementor-divider-separator>.elementor-divider__svg:last-of-type{flex-grow:0;flex-shrink:100}.elementor-widget-divider--element-align-end .elementor-divider-separator:after{content:none}.elementor-widget-divider--element-align-end .elementor-divider__element{margin-inline-end:0}.elementor-widget-divider:not(.elementor-widget-divider--view-line_text):not(.elementor-widget-divider--view-line_icon) .elementor-divider-separator{border-block-start:var(--divider-border-width) var(--divider-border-style) var(--divider-color)}.elementor-widget-divider--separator-type-pattern{--divider-border-style:none}.elementor-widget-divider--separator-type-pattern.elementor-widget-divider--view-line .elementor-divider-separator,.elementor-widget-divider--separator-type-pattern:not(.elementor-widget-divider--view-line) .elementor-divider-separator:after,.elementor-widget-divider--separator-type-pattern:not(.elementor-widget-divider--view-line) .elementor-divider-separator:before,.elementor-widget-divider--separator-type-pattern:not([class*=elementor-widget-divider--view]) .elementor-divider-separator{width:100%;min-height:var(--divider-pattern-height);-webkit-mask-size:var(--divider-pattern-size) 100%;mask-size:var(--divider-pattern-size) 100%;-webkit-mask-repeat:var(--divider-pattern-repeat);mask-repeat:var(--divider-pattern-repeat);background-color:var(--divider-color);-webkit-mask-image:var(--divider-pattern-url);mask-image:var(--divider-pattern-url)}.elementor-widget-divider--no-spacing{--divider-pattern-size:auto}.elementor-widget-divider--bg-round{--divider-pattern-repeat:round}.rtl .elementor-widget-divider .elementor-divider__text{direction:rtl}.e-con-inner>.elementor-widget-divider,.e-con>.elementor-widget-divider{width:var(--container-widget-width,100%);--flex-grow:var(--container-widget-flex-grow)}<\/style>\t\t<div class=\"elementor-divider\">\n\t\t\t<span class=\"elementor-divider-separator\">\n\t\t\t\t\t\t<\/span>\n\t\t<\/div>\n\t\t\t\t<\/div>\n\t\t\t\t<\/div>\n\t\t\t\t\t<\/div>\n\t\t<\/div>\n\t\t\t\t\t<\/div>\n\t\t<\/section>\n\t\t\t\t<section class=\"elementor-section elementor-top-section elementor-element elementor-element-271c102 elementor-section-boxed elementor-section-height-default elementor-section-height-default\" data-id=\"271c102\" data-element_type=\"section\">\n\t\t\t\t\t\t<div class=\"elementor-container elementor-column-gap-default\">\n\t\t\t\t\t<div class=\"elementor-column elementor-col-100 elementor-top-column elementor-element elementor-element-842aeda\" data-id=\"842aeda\" data-element_type=\"column\">\n\t\t\t<div class=\"elementor-widget-wrap elementor-element-populated\">\n\t\t\t\t\t\t<div class=\"elementor-element elementor-element-458583b elementor-widget elementor-widget-text-editor\" data-id=\"458583b\" data-element_type=\"widget\" data-widget_type=\"text-editor.default\">\n\t\t\t\t<div class=\"elementor-widget-container\">\n\t\t\t\t\t\t\t<h2>Hybrid \/ Onlineschulung<\/h2>\n<p>Alle\u00a0Schulungen k\u00f6nnen Sie in gleicher Qualit\u00e4t auch <strong>online<\/strong> besuchen. Unsere Hybrid-Kurse finden gleichzeitig vor Ort und online statt. Die Voraussetzungen zur Online-Schulung finden Sie hier:<\/p>\n<p><a href=\"http:\/\/schulung.graphisoft-sued.de\/online-schulungen\/\">Informationen zur Online-Teilnahme<\/a><\/p>\t\t\t\t\t\t<\/div>\n\t\t\t\t<\/div>\n\t\t\t\t\t<\/div>\n\t\t<\/div>\n\t\t\t\t\t<\/div>\n\t\t<\/section>\n\t\t\t\t<section class=\"elementor-section elementor-top-section elementor-element elementor-element-2741080 elementor-section-boxed elementor-section-height-default elementor-section-height-default\" data-id=\"2741080\" data-element_type=\"section\">\n\t\t\t\t\t\t<div class=\"elementor-container elementor-column-gap-default\">\n\t\t\t\t\t<div class=\"elementor-column elementor-col-100 elementor-top-column elementor-element elementor-element-2622da7\" data-id=\"2622da7\" data-element_type=\"column\">\n\t\t\t<div class=\"elementor-widget-wrap elementor-element-populated\">\n\t\t\t\t\t\t<div class=\"elementor-element elementor-element-3ebf731 elementor-widget elementor-widget-text-editor\" data-id=\"3ebf731\" data-element_type=\"widget\" data-widget_type=\"text-editor.default\">\n\t\t\t\t<div class=\"elementor-widget-container\">\n\t\t\t\t\t\t\t<p><b>Covid-19 &#8211; Regelung bei Pr\u00e4senzschulungen<\/b> (gilt nat\u00fcrlich nicht f\u00fcr Online-Teilnehmer):\u00a0<\/p>\n<p><span style=\"font-family: georgia, palatino, serif;\">Die Pr\u00e4senz-Schulungen finden unter den am Schulungstag geltenden Covid19 Bestimmungen statt.<\/span><\/p>\t\t\t\t\t\t<\/div>\n\t\t\t\t<\/div>\n\t\t\t\t\t<\/div>\n\t\t<\/div>\n\t\t\t\t\t<\/div>\n\t\t<\/section>\n\t\t\t\t<section class=\"elementor-section elementor-top-section elementor-element elementor-element-ddfd10b elementor-section-boxed elementor-section-height-default elementor-section-height-default\" data-id=\"ddfd10b\" data-element_type=\"section\">\n\t\t\t\t\t\t<div class=\"elementor-container elementor-column-gap-default\">\n\t\t\t\t\t<div class=\"elementor-column elementor-col-100 elementor-top-column elementor-element elementor-element-0fc8fb7\" data-id=\"0fc8fb7\" data-element_type=\"column\">\n\t\t\t<div class=\"elementor-widget-wrap elementor-element-populated\">\n\t\t\t\t\t\t<div class=\"elementor-element elementor-element-e4e8555 elementor-widget elementor-widget-text-editor\" data-id=\"e4e8555\" data-element_type=\"widget\" data-widget_type=\"text-editor.default\">\n\t\t\t\t<div class=\"elementor-widget-container\">\n\t\t\t\t\t\t\t<h2 style=\"color: #000000; caret-color: #000000;\">Die Kurstermine f\u00fcr das gesamte Jahr finden Sie hier:<\/h2>\t\t\t\t\t\t<\/div>\n\t\t\t\t<\/div>\n\t\t\t\t\t<\/div>\n\t\t<\/div>\n\t\t\t\t\t<\/div>\n\t\t<\/section>\n\t\t\t\t<section class=\"elementor-section elementor-top-section elementor-element elementor-element-9412a35 elementor-section-boxed elementor-section-height-default elementor-section-height-default\" data-id=\"9412a35\" data-element_type=\"section\">\n\t\t\t\t\t\t<div class=\"elementor-container elementor-column-gap-default\">\n\t\t\t\t\t<div class=\"elementor-column elementor-col-100 elementor-top-column elementor-element elementor-element-5d2d340\" data-id=\"5d2d340\" data-element_type=\"column\">\n\t\t\t<div class=\"elementor-widget-wrap elementor-element-populated\">\n\t\t\t\t\t\t<div class=\"elementor-element elementor-element-90e75a6 elementor-widget__width-auto elementor-widget elementor-widget-image\" data-id=\"90e75a6\" data-element_type=\"widget\" data-widget_type=\"image.default\">\n\t\t\t\t<div class=\"elementor-widget-container\">\n\t\t\t\t\t\t\t\t\t\t\t\t\t\t<a href=\"http:\/\/schulung.graphisoft-sued.de\/kurskalender\">\n\t\t\t\t\t\t\t<img decoding=\"async\" src=\"http:\/\/schulung.graphisoft-sued.de\/wp-content\/uploads\/2020\/06\/Bildschirmfoto-2020-06-30-um-17.05.12.png\" title=\"\" alt=\"\" class=\"elementor-animation-grow\" loading=\"lazy\" \/>\t\t\t\t\t\t\t\t<\/a>\n\t\t\t\t\t\t\t\t\t\t\t\t\t<\/div>\n\t\t\t\t<\/div>\n\t\t\t\t\t<\/div>\n\t\t<\/div>\n\t\t\t\t\t<\/div>\n\t\t<\/section>\n\t\t\t\t<\/div>\n\t\t","protected":false},"excerpt":{"rendered":"<p>Archicad BIM Modellierung Was werden Sie in diesem Kurs lernen? In diesem Kurs erlernen Sie alle Funktionen, die zum Modellieren [&hellip;]<\/p>\n","protected":false},"author":1,"featured_media":0,"parent":0,"menu_order":0,"comment_status":"closed","ping_status":"closed","template":"","meta":{"site-sidebar-layout":"default","site-content-layout":"","ast-site-content-layout":"","site-content-style":"default","site-sidebar-style":"default","ast-global-header-display":"","ast-banner-title-visibility":"","ast-main-header-display":"","ast-hfb-above-header-display":"","ast-hfb-below-header-display":"","ast-hfb-mobile-header-display":"","site-post-title":"","ast-breadcrumbs-content":"","ast-featured-img":"","footer-sml-layout":"","theme-transparent-header-meta":"","adv-header-id-meta":"","stick-header-meta":"","header-above-stick-meta":"","header-main-stick-meta":"","header-below-stick-meta":"","astra-migrate-meta-layouts":"default","ast-page-background-enabled":"default","ast-page-background-meta":{"desktop":{"background-color":"var(--ast-global-color-4)","background-image":"","background-repeat":"repeat","background-position":"center center","background-size":"auto","background-attachment":"scroll","background-type":"","background-media":"","overlay-type":"","overlay-color":"","overlay-gradient":""},"tablet":{"background-color":"","background-image":"","background-repeat":"repeat","background-position":"center center","background-size":"auto","background-attachment":"scroll","background-type":"","background-media":"","overlay-type":"","overlay-color":"","overlay-gradient":""},"mobile":{"background-color":"","background-image":"","background-repeat":"repeat","background-position":"center center","background-size":"auto","background-attachment":"scroll","background-type":"","background-media":"","overlay-type":"","overlay-color":"","overlay-gradient":""}},"ast-content-background-meta":{"desktop":{"background-color":"var(--ast-global-color-5)","background-image":"","background-repeat":"repeat","background-position":"center center","background-size":"auto","background-attachment":"scroll","background-type":"","background-media":"","overlay-type":"","overlay-color":"","overlay-gradient":""},"tablet":{"background-color":"var(--ast-global-color-5)","background-image":"","background-repeat":"repeat","background-position":"center center","background-size":"auto","background-attachment":"scroll","background-type":"","background-media":"","overlay-type":"","overlay-color":"","overlay-gradient":""},"mobile":{"background-color":"var(--ast-global-color-5)","background-image":"","background-repeat":"repeat","background-position":"center center","background-size":"auto","background-attachment":"scroll","background-type":"","background-media":"","overlay-type":"","overlay-color":"","overlay-gradient":""}},"footnotes":""},"class_list":["post-89","page","type-page","status-publish","hentry"],"_links":{"self":[{"href":"https:\/\/archicad.graphisoft-sued.de\/index.php?rest_route=\/wp\/v2\/pages\/89","targetHints":{"allow":["GET"]}}],"collection":[{"href":"https:\/\/archicad.graphisoft-sued.de\/index.php?rest_route=\/wp\/v2\/pages"}],"about":[{"href":"https:\/\/archicad.graphisoft-sued.de\/index.php?rest_route=\/wp\/v2\/types\/page"}],"author":[{"embeddable":true,"href":"https:\/\/archicad.graphisoft-sued.de\/index.php?rest_route=\/wp\/v2\/users\/1"}],"replies":[{"embeddable":true,"href":"https:\/\/archicad.graphisoft-sued.de\/index.php?rest_route=%2Fwp%2Fv2%2Fcomments&post=89"}],"version-history":[{"count":0,"href":"https:\/\/archicad.graphisoft-sued.de\/index.php?rest_route=\/wp\/v2\/pages\/89\/revisions"}],"wp:attachment":[{"href":"https:\/\/archicad.graphisoft-sued.de\/index.php?rest_route=%2Fwp%2Fv2%2Fmedia&parent=89"}],"curies":[{"name":"wp","href":"https:\/\/api.w.org\/{rel}","templated":true}]}}