{"id":613,"date":"2020-04-24T11:19:37","date_gmt":"2020-04-24T11:19:37","guid":{"rendered":"http:\/\/schulung.graphisoft-sued.de\/?page_id=613"},"modified":"2020-04-24T11:19:37","modified_gmt":"2020-04-24T11:19:37","slug":"online-schulungen","status":"publish","type":"page","link":"https:\/\/archicad.graphisoft-sued.de\/?page_id=613","title":{"rendered":"Online Schulungen"},"content":{"rendered":"\t\t<div data-elementor-type=\"wp-page\" data-elementor-id=\"613\" class=\"elementor elementor-613\" data-elementor-post-type=\"page\">\n\t\t\t\t\t\t<section class=\"elementor-section elementor-top-section elementor-element elementor-element-2ad99876 elementor-section-boxed elementor-section-height-default elementor-section-height-default\" data-id=\"2ad99876\" data-element_type=\"section\">\n\t\t\t\t\t\t<div class=\"elementor-container elementor-column-gap-default\">\n\t\t\t\t\t<div class=\"elementor-column elementor-col-100 elementor-top-column elementor-element elementor-element-4fc50981\" data-id=\"4fc50981\" data-element_type=\"column\">\n\t\t\t<div class=\"elementor-widget-wrap elementor-element-populated\">\n\t\t\t\t\t\t<div class=\"elementor-element elementor-element-260b0a elementor-widget elementor-widget-text-editor\" data-id=\"260b0a\" data-element_type=\"widget\" data-widget_type=\"text-editor.default\">\n\t\t\t\t<div class=\"elementor-widget-container\">\n\t\t\t<style>\/*! elementor - v3.19.0 - 07-02-2024 *\/\n.elementor-widget-text-editor.elementor-drop-cap-view-stacked .elementor-drop-cap{background-color:#69727d;color:#fff}.elementor-widget-text-editor.elementor-drop-cap-view-framed .elementor-drop-cap{color:#69727d;border:3px solid;background-color:transparent}.elementor-widget-text-editor:not(.elementor-drop-cap-view-default) .elementor-drop-cap{margin-top:8px}.elementor-widget-text-editor:not(.elementor-drop-cap-view-default) .elementor-drop-cap-letter{width:1em;height:1em}.elementor-widget-text-editor .elementor-drop-cap{float:left;text-align:center;line-height:1;font-size:50px}.elementor-widget-text-editor .elementor-drop-cap-letter{display:inline-block}<\/style>\t\t\t\t<p><!-- wp:heading --><\/p>\n<h2>Online Schulungen<\/h2>\n<p><!-- \/wp:heading --><\/p>\n<p><!-- wp:heading --><\/p>\n<p>Unsere Trainerinnen und Trainer halten alle Kurse in unseren Kursr\u00e4umen ab. Sie k\u00f6nnen diese entweder vor Ort besuchen oder Sie k\u00f6nnen online mit dabei sein. Ablauf und Inhalt unterscheidet sich nicht von der Pr\u00e4senzveranstaltung<\/p>\n<h2>Voraussetzungen zur Online-Teilnahme:<\/h2>\n<p><!-- \/wp:paragraph --><\/p>\n<p><!-- wp:paragraph {\"backgroundColor\":\"cyan-bluish-gray\"} --><\/p>\n<ul>\n<li>\nSie ben\u00f6tigen eine <b>Breitband-Internet Verbindung<\/b>.\n<\/li>\n<li>\nF\u00fcr die Kommunikation mit dem Schulungsleiter ben\u00f6tigen Sie ein <b>Mikrofon und Lautsprecher oder ein Headset<\/b>, sowie eine <b>Webcam<\/b>.\n<\/li>\n<li>\nEs sollte ein Rechner mit zwei Bildschirme oder ggf. zwei Rechner mit je einem Bildschirm zur Verf\u00fcgung stehen. Ein Bildschirm f\u00fcr die \u00dcbertragung des Kurses und ein Bildschirm zum Mitarbeiten.\n<\/li>\n<li>\nDie aktuelle Archicad Lizenz mu\u00df auf Ihrem Rechner installiert und lauff\u00e4hig sein.\n<\/li>\n<li>\nF\u00fcr die Schulung verwenden wir <b>Zoom oder Microsoft<\/b>\u2013<b>Teams<\/b>. Die Software wird Ihnen selbstverst\u00e4ndlich kostenlos zur Verf\u00fcgung gestellt.<\/p>\n<\/li>\n<\/ul>\n<h2>Ihre Anmeldung an den Online-Schulungen<\/h2>\n<p><!-- \/wp:paragraph --><\/p>\n<p><!-- wp:paragraph {\"backgroundColor\":\"cyan-bluish-gray\"} --><\/p>\n<ul>\n<li>\nBitte melden Sie sich<b> sp\u00e4testens 5 Werktage<\/b> vor dem Kurs an, damit die Schulungsunterlagen Sie rechtzeitig per Post erreichen.\n<\/li>\n<li>\nSchreiben Sie bitte bei Ihrer Anmeldung in das <b>Anmerkungsfeld<\/b> da\u00df Sie online-teilnehmen m\u00f6chten. Wenn Sie das Skript nicht an die B\u00fcro-\/Rechnungsadresse gesendet haben wollen, z.Bsp. wegen HomeOffice, vermeken Sie dies inkl. gew\u00fcnschter Zustelladresse bitte ebenfalls im <b>Anmerkungsfeld<\/b>. Wir senden Ihnen die Schulungsunterlagen in gedruckter Form auf dem Postweg zu.\n<\/li>\n<li>\nNach Ihrer Anmeldung setzten wir uns mit Ihnen in Verbindung, um gemeinsam einen Technik-Check durchzuf\u00fchren.\n<\/li>\n<li>\nSie erhalten kurz vor Schulungsbeginn per E-Mail die notwendigen <b>Zugangsdaten f\u00fcr Ihre Online-Schulung<\/b>.\n<\/li>\n<\/ul>\n<h2>Sie haben Fragen?<\/h2>\n<p>Kontaktieren Sie uns gerne telefonisch unter 08386 9999010 oder per Mail: buero@graphisoft-sued.de<\/p>\n<p><!-- \/wp:paragraph --><\/p>\t\t\t\t\t\t<\/div>\n\t\t\t\t<\/div>\n\t\t\t\t\t<\/div>\n\t\t<\/div>\n\t\t\t\t\t<\/div>\n\t\t<\/section>\n\t\t\t\t<\/div>\n\t\t","protected":false},"excerpt":{"rendered":"<p>Online Schulungen Unsere Trainerinnen und Trainer halten alle Kurse in unseren Kursr\u00e4umen ab. Sie k\u00f6nnen diese entweder vor Ort besuchen [&hellip;]<\/p>\n","protected":false},"author":1,"featured_media":0,"parent":0,"menu_order":0,"comment_status":"closed","ping_status":"closed","template":"","meta":{"site-sidebar-layout":"default","site-content-layout":"","ast-site-content-layout":"","site-content-style":"default","site-sidebar-style":"default","ast-global-header-display":"","ast-banner-title-visibility":"","ast-main-header-display":"","ast-hfb-above-header-display":"","ast-hfb-below-header-display":"","ast-hfb-mobile-header-display":"","site-post-title":"","ast-breadcrumbs-content":"","ast-featured-img":"","footer-sml-layout":"","theme-transparent-header-meta":"","adv-header-id-meta":"","stick-header-meta":"","header-above-stick-meta":"","header-main-stick-meta":"","header-below-stick-meta":"","astra-migrate-meta-layouts":"default","ast-page-background-enabled":"default","ast-page-background-meta":{"desktop":{"background-color":"var(--ast-global-color-4)","background-image":"","background-repeat":"repeat","background-position":"center center","background-size":"auto","background-attachment":"scroll","background-type":"","background-media":"","overlay-type":"","overlay-color":"","overlay-gradient":""},"tablet":{"background-color":"","background-image":"","background-repeat":"repeat","background-position":"center center","background-size":"auto","background-attachment":"scroll","background-type":"","background-media":"","overlay-type":"","overlay-color":"","overlay-gradient":""},"mobile":{"background-color":"","background-image":"","background-repeat":"repeat","background-position":"center center","background-size":"auto","background-attachment":"scroll","background-type":"","background-media":"","overlay-type":"","overlay-color":"","overlay-gradient":""}},"ast-content-background-meta":{"desktop":{"background-color":"var(--ast-global-color-5)","background-image":"","background-repeat":"repeat","background-position":"center center","background-size":"auto","background-attachment":"scroll","background-type":"","background-media":"","overlay-type":"","overlay-color":"","overlay-gradient":""},"tablet":{"background-color":"var(--ast-global-color-5)","background-image":"","background-repeat":"repeat","background-position":"center center","background-size":"auto","background-attachment":"scroll","background-type":"","background-media":"","overlay-type":"","overlay-color":"","overlay-gradient":""},"mobile":{"background-color":"var(--ast-global-color-5)","background-image":"","background-repeat":"repeat","background-position":"center center","background-size":"auto","background-attachment":"scroll","background-type":"","background-media":"","overlay-type":"","overlay-color":"","overlay-gradient":""}},"footnotes":""},"class_list":["post-613","page","type-page","status-publish","hentry"],"_links":{"self":[{"href":"https:\/\/archicad.graphisoft-sued.de\/index.php?rest_route=\/wp\/v2\/pages\/613","targetHints":{"allow":["GET"]}}],"collection":[{"href":"https:\/\/archicad.graphisoft-sued.de\/index.php?rest_route=\/wp\/v2\/pages"}],"about":[{"href":"https:\/\/archicad.graphisoft-sued.de\/index.php?rest_route=\/wp\/v2\/types\/page"}],"author":[{"embeddable":true,"href":"https:\/\/archicad.graphisoft-sued.de\/index.php?rest_route=\/wp\/v2\/users\/1"}],"replies":[{"embeddable":true,"href":"https:\/\/archicad.graphisoft-sued.de\/index.php?rest_route=%2Fwp%2Fv2%2Fcomments&post=613"}],"version-history":[{"count":0,"href":"https:\/\/archicad.graphisoft-sued.de\/index.php?rest_route=\/wp\/v2\/pages\/613\/revisions"}],"wp:attachment":[{"href":"https:\/\/archicad.graphisoft-sued.de\/index.php?rest_route=%2Fwp%2Fv2%2Fmedia&parent=613"}],"curies":[{"name":"wp","href":"https:\/\/api.w.org\/{rel}","templated":true}]}}