{"id":1563,"date":"2023-09-06T10:40:27","date_gmt":"2023-09-06T10:40:27","guid":{"rendered":"https:\/\/schulung.graphisoft-sued.de\/?page_id=1171"},"modified":"2023-09-06T10:40:27","modified_gmt":"2023-09-06T10:40:27","slug":"infoveranstaltung-archicad-27","status":"publish","type":"page","link":"https:\/\/archicad.graphisoft-sued.de\/?page_id=1563","title":{"rendered":"Infoveranstaltung Archicad 27"},"content":{"rendered":"\t\t<div data-elementor-type=\"wp-page\" data-elementor-id=\"1563\" class=\"elementor elementor-1563\" data-elementor-post-type=\"page\">\n\t\t\t\t\t\t<section class=\"elementor-section elementor-top-section elementor-element elementor-element-2d2e361f elementor-section-boxed elementor-section-height-default elementor-section-height-default\" data-id=\"2d2e361f\" data-element_type=\"section\">\n\t\t\t\t\t\t<div class=\"elementor-container elementor-column-gap-default\">\n\t\t\t\t\t<div class=\"elementor-column elementor-col-100 elementor-top-column elementor-element elementor-element-2446d24e\" data-id=\"2446d24e\" data-element_type=\"column\">\n\t\t\t<div class=\"elementor-widget-wrap elementor-element-populated\">\n\t\t\t\t\t\t<div class=\"elementor-element elementor-element-386aeb8 elementor-widget elementor-widget-image\" data-id=\"386aeb8\" data-element_type=\"widget\" data-widget_type=\"image.default\">\n\t\t\t\t<div class=\"elementor-widget-container\">\n\t\t\t<style>\/*! elementor - v3.19.0 - 07-02-2024 *\/\n.elementor-widget-image{text-align:center}.elementor-widget-image a{display:inline-block}.elementor-widget-image a img[src$=\".svg\"]{width:48px}.elementor-widget-image img{vertical-align:middle;display:inline-block}<\/style>\t\t\t\t\t\t\t\t\t\t<img decoding=\"async\" src=\"http:\/\/schulung.graphisoft-sued.de\/wp-content\/uploads\/2023\/09\/INFO.png\" title=\"\" alt=\"\" loading=\"lazy\" \/>\t\t\t\t\t\t\t\t\t\t\t\t\t<\/div>\n\t\t\t\t<\/div>\n\t\t\t\t<div class=\"elementor-element elementor-element-5f94447 elementor-widget elementor-widget-text-editor\" data-id=\"5f94447\" data-element_type=\"widget\" data-widget_type=\"text-editor.default\">\n\t\t\t\t<div class=\"elementor-widget-container\">\n\t\t\t<style>\/*! elementor - v3.19.0 - 07-02-2024 *\/\n.elementor-widget-text-editor.elementor-drop-cap-view-stacked .elementor-drop-cap{background-color:#69727d;color:#fff}.elementor-widget-text-editor.elementor-drop-cap-view-framed .elementor-drop-cap{color:#69727d;border:3px solid;background-color:transparent}.elementor-widget-text-editor:not(.elementor-drop-cap-view-default) .elementor-drop-cap{margin-top:8px}.elementor-widget-text-editor:not(.elementor-drop-cap-view-default) .elementor-drop-cap-letter{width:1em;height:1em}.elementor-widget-text-editor .elementor-drop-cap{float:left;text-align:center;line-height:1;font-size:50px}.elementor-widget-text-editor .elementor-drop-cap-letter{display:inline-block}<\/style>\t\t\t\t<p><!-- wp:heading --><\/p>\n<h2>Infoveranstaltung<\/h2>\n<p><!-- \/wp:paragraph --><\/p>\n<p><!-- wp:paragraph --><\/p>\n<p>In den vergangen Jahren war es uns nicht m\u00f6glich, die so beliebte Updateveranstaltung in Ulm durchzuf\u00fchren. In diesem Jahr starten wir mit einem neuen Format. Kommen Sie zu unserer Infoveranstaltung und lassen Sie sich vom neuen Archicad Workflow inspirieren. Hierbei werden Ihnen Workflows der aktuellen Archicad Versionen aufgezeigt.\u00a0<\/p>\n<p>In unserer 2 st\u00fcndigen Pr\u00e4sentation, sehen Sie die Neuerungen von der Variantenplanung bis hin zum Issue-Management.<\/p>\n<p>Die Veranstaltung findet als Hybrid-Veranstaltung statt. Sie k\u00f6nnen zu unseren Schulungsr\u00e4umlichkeiten nach Ulm kommen (begrenzte Anzahl an Pl\u00e4tzen) oder Online von Ihrem Arbeitsplatz teilnehmen.<\/p>\n<p><!-- \/wp:paragraph --><\/p>\n<p><!-- wp:heading --><\/p>\n<h2>Voraussetzung<\/h2>\n<p><!-- \/wp:heading --><\/p>\n<p><!-- wp:paragraph --><\/p>\n<p>Gute Laune<\/p>\n<p><!-- \/wp:paragraph --><\/p>\n<p><!-- wp:heading --><\/p>\n<h2>Kursdauer<\/h2>\n<p><!-- \/wp:heading --><\/p>\n<p><!-- wp:paragraph {\"backgroundColor\":\"cyan-bluish-gray\"} --><\/p>\n<p class=\"has-background has-cyan-bluish-gray-background-color\"><span class=\"tadv-color\" style=\"color: #313131;\"><i class=\"fas fa-user-clock\" style=\"font-size: 1.50em;\"><\/i>\u00a0 \u00a0 2 st\u00fcndige Infoveranstaltung<\/span><\/p>\n<p><!-- \/wp:paragraph --><\/p>\n<p><!-- wp:paragraph {\"backgroundColor\":\"cyan-bluish-gray\"} --><\/p>\n<p class=\"has-background has-cyan-bluish-gray-background-color\"><span class=\"tadv-color\" style=\"color: #313131;\"> <i class=\"fas fa-clock\" style=\"font-size: 1.50em;\"><\/i> \u00a0\u00a0\u00a0 \u00a0Termin Vormittags: 9 Uhr &#8211; 11 Uhr oder Nachmittags: 15 Uhr &#8211; 17 Uhr<\/span><\/p>\n<p><!-- \/wp:paragraph --><\/p>\n<p><!-- wp:paragraph {\"backgroundColor\":\"cyan-bluish-gray\"} --><\/p>\n<h2>Investition je Teilnehmer:<\/h2>\n<p><!-- \/wp:paragraph --><\/p>\n<p><!-- wp:paragraph --><\/p>\n<p>Kostenlos \/ 2 Stunden Ihrer Aufmerksamkeit<\/p>\n<p><!-- \/wp:paragraph --><\/p>\n<p>\u00a0<\/p>\n<p>Bitte beachten Sie, dass wir aufgrund begrenzter Sitzpl\u00e4tze nur maximal 25 Pr\u00e4senzteilnehmer annehmen. Die Online-Teilnehmer-Anzahl ist unbegrenzt.<\/p>\t\t\t\t\t\t<\/div>\n\t\t\t\t<\/div>\n\t\t\t\t\t<\/div>\n\t\t<\/div>\n\t\t\t\t\t<\/div>\n\t\t<\/section>\n\t\t\t\t<section class=\"elementor-section elementor-top-section elementor-element elementor-element-2fa105b elementor-section-boxed elementor-section-height-default elementor-section-height-default\" data-id=\"2fa105b\" data-element_type=\"section\">\n\t\t\t\t\t\t<div class=\"elementor-container elementor-column-gap-default\">\n\t\t\t\t\t<div class=\"elementor-column elementor-col-100 elementor-top-column elementor-element elementor-element-5a7ac13\" data-id=\"5a7ac13\" data-element_type=\"column\">\n\t\t\t<div class=\"elementor-widget-wrap elementor-element-populated\">\n\t\t\t\t\t\t<div class=\"elementor-element elementor-element-d1ce5d4 elementor-widget elementor-widget-wp-widget-xyz_insert_php_widget\" data-id=\"d1ce5d4\" data-element_type=\"widget\" data-widget_type=\"wp-widget-xyz_insert_php_widget.default\">\n\t\t\t\t<div class=\"elementor-widget-container\">\n\t\t\t<div class=\"kursterminouter clearfix\">\r\n\t<div class=\"clearfix kurstermininner\">\r\n\t\t<h3>Kurstermine &amp; Anmeldung<\/h3>\r\n\t\t<h4>Termine<\/h4>\r\n\t\t<ul class=\"kurstermin-wrap\">\r\n\t\t\t<li class=\"kurstermin-content\">\r\n\t\t\t\t<span class=\"kurstermin-link\">\r\n\t\t\t\t\t<span class=\"kurstermin-headline status-rot\">Termine auf Anfrage<\/span>\r\n\t\t\t\t<\/span>\r\n\t\t\t<\/li>\r\n\t\t<\/ul>\r\n\t<\/div>\r\n\t<div class=\"clearfix kursortinner\">\n        <h4>Schulungs-Ort: &nbsp;GRAPHISOFT Center S\u00fcd \u2022 Sammlungsgasse 4 \u2022 89073 Ulm &nbsp;&nbsp;\n<a href=\"https:\/\/goo.gl\/maps\/Wavtp9bbKh7ggM7Y8\" target=\u201d_blank\u201d >Anfahrt<\/a><\/h4>\n<p><\/p>\n\t<div class=\"kursauslastung clearfix\">\n\t\t<p class=\"kurstermin-headline status-gruen\">Es sind genug Pl\u00e4tze vorhanden.<\/p>\n\t\t<p class=\"kurstermin-headline status-gelb\">Nur noch wenige Pl\u00e4tze frei.<\/p>\n\t\t<p class=\"kurstermin-headline status-rot\">Leider keine Pl\u00e4tze mehr frei.<br>\n\t\t\t<span class=\"wartelist\">Anmeldung auf Warteliste m\u00f6glich.<\/span><\/p>\n\t<\/div>\n<\/div>\r\n<\/div>\t\t<\/div>\n\t\t\t\t<\/div>\n\t\t\t\t\t<\/div>\n\t\t<\/div>\n\t\t\t\t\t<\/div>\n\t\t<\/section>\n\t\t\t\t<section class=\"elementor-section elementor-top-section elementor-element elementor-element-567bda0 elementor-section-boxed elementor-section-height-default elementor-section-height-default\" data-id=\"567bda0\" data-element_type=\"section\">\n\t\t\t\t\t\t<div class=\"elementor-container elementor-column-gap-default\">\n\t\t\t\t\t<div class=\"elementor-column elementor-col-100 elementor-top-column elementor-element elementor-element-2343fb1\" data-id=\"2343fb1\" data-element_type=\"column\">\n\t\t\t<div class=\"elementor-widget-wrap elementor-element-populated\">\n\t\t\t\t\t\t<div class=\"elementor-element elementor-element-58e49ca elementor-widget elementor-widget-text-editor\" data-id=\"58e49ca\" data-element_type=\"widget\" data-widget_type=\"text-editor.default\">\n\t\t\t\t<div class=\"elementor-widget-container\">\n\t\t\t\t\t\t\t<h2>Hybrid Veranstaltung<\/h2>\n<p>Alle Veranstaltungen k\u00f6nnen Sie in gleicher Qualit\u00e4t auch <strong>online<\/strong> besuchen. Unsere Hybrid-Kurse finden gleichzeitig vor Ort und online statt. Die Voraussetzungen zur Online-Veranstaltung finden Sie hier:<\/p>\n<p><a href=\"https:\/\/schulung.graphisoft-sued.de\/online-schulungen-info\/\">Informationen zur Online-Teilnahme<\/a><\/p>\t\t\t\t\t\t<\/div>\n\t\t\t\t<\/div>\n\t\t\t\t\t<\/div>\n\t\t<\/div>\n\t\t\t\t\t<\/div>\n\t\t<\/section>\n\t\t\t\t<section class=\"elementor-section elementor-top-section elementor-element elementor-element-646ff15 elementor-section-boxed elementor-section-height-default elementor-section-height-default\" data-id=\"646ff15\" data-element_type=\"section\">\n\t\t\t\t\t\t<div class=\"elementor-container elementor-column-gap-default\">\n\t\t\t\t\t<div class=\"elementor-column elementor-col-100 elementor-top-column elementor-element elementor-element-31f64de\" data-id=\"31f64de\" data-element_type=\"column\">\n\t\t\t<div class=\"elementor-widget-wrap elementor-element-populated\">\n\t\t\t\t\t\t<div class=\"elementor-element elementor-element-05308c3 elementor-widget elementor-widget-text-editor\" data-id=\"05308c3\" data-element_type=\"widget\" data-widget_type=\"text-editor.default\">\n\t\t\t\t<div class=\"elementor-widget-container\">\n\t\t\t\t\t\t\t<h2 style=\"caret-color: #000000; color: #000000;\">Die Kurstermine f\u00fcr das gesamte Jahr finden Sie hier:<\/h2>\t\t\t\t\t\t<\/div>\n\t\t\t\t<\/div>\n\t\t\t\t\t<\/div>\n\t\t<\/div>\n\t\t\t\t\t<\/div>\n\t\t<\/section>\n\t\t\t\t<section class=\"elementor-section elementor-top-section elementor-element elementor-element-131c706 elementor-section-boxed elementor-section-height-default elementor-section-height-default\" data-id=\"131c706\" data-element_type=\"section\">\n\t\t\t\t\t\t<div class=\"elementor-container elementor-column-gap-default\">\n\t\t\t\t\t<div class=\"elementor-column elementor-col-100 elementor-top-column elementor-element elementor-element-7842b6e\" data-id=\"7842b6e\" data-element_type=\"column\">\n\t\t\t<div class=\"elementor-widget-wrap elementor-element-populated\">\n\t\t\t\t\t\t<div class=\"elementor-element elementor-element-b5ba909 elementor-widget__width-auto elementor-hidden-tablet elementor-hidden-phone elementor-widget elementor-widget-image\" data-id=\"b5ba909\" data-element_type=\"widget\" data-widget_type=\"image.default\">\n\t\t\t\t<div class=\"elementor-widget-container\">\n\t\t\t\t\t\t\t\t\t\t\t\t\t\t<a href=\"http:\/\/schulung.graphisoft-sued.de\/kurskalender\">\n\t\t\t\t\t\t\t<img decoding=\"async\" src=\"http:\/\/schulung.graphisoft-sued.de\/wp-content\/uploads\/2020\/06\/Bildschirmfoto-2020-06-30-um-17.05.12.png\" title=\"\" alt=\"\" class=\"elementor-animation-grow\" loading=\"lazy\" \/>\t\t\t\t\t\t\t\t<\/a>\n\t\t\t\t\t\t\t\t\t\t\t\t\t<\/div>\n\t\t\t\t<\/div>\n\t\t\t\t\t<\/div>\n\t\t<\/div>\n\t\t\t\t\t<\/div>\n\t\t<\/section>\n\t\t\t\t<\/div>\n\t\t","protected":false},"excerpt":{"rendered":"<p>Infoveranstaltung In den vergangen Jahren war es uns nicht m\u00f6glich, die so beliebte Updateveranstaltung in Ulm durchzuf\u00fchren. In diesem Jahr [&hellip;]<\/p>\n","protected":false},"author":1,"featured_media":0,"parent":0,"menu_order":0,"comment_status":"closed","ping_status":"closed","template":"","meta":{"site-sidebar-layout":"default","site-content-layout":"","ast-site-content-layout":"","site-content-style":"default","site-sidebar-style":"default","ast-global-header-display":"","ast-banner-title-visibility":"","ast-main-header-display":"","ast-hfb-above-header-display":"","ast-hfb-below-header-display":"","ast-hfb-mobile-header-display":"","site-post-title":"","ast-breadcrumbs-content":"","ast-featured-img":"","footer-sml-layout":"","theme-transparent-header-meta":"","adv-header-id-meta":"","stick-header-meta":"","header-above-stick-meta":"","header-main-stick-meta":"","header-below-stick-meta":"","astra-migrate-meta-layouts":"default","ast-page-background-enabled":"default","ast-page-background-meta":{"desktop":{"background-color":"var(--ast-global-color-4)","background-image":"","background-repeat":"repeat","background-position":"center center","background-size":"auto","background-attachment":"scroll","background-type":"","background-media":"","overlay-type":"","overlay-color":"","overlay-gradient":""},"tablet":{"background-color":"","background-image":"","background-repeat":"repeat","background-position":"center center","background-size":"auto","background-attachment":"scroll","background-type":"","background-media":"","overlay-type":"","overlay-color":"","overlay-gradient":""},"mobile":{"background-color":"","background-image":"","background-repeat":"repeat","background-position":"center center","background-size":"auto","background-attachment":"scroll","background-type":"","background-media":"","overlay-type":"","overlay-color":"","overlay-gradient":""}},"ast-content-background-meta":{"desktop":{"background-color":"var(--ast-global-color-5)","background-image":"","background-repeat":"repeat","background-position":"center center","background-size":"auto","background-attachment":"scroll","background-type":"","background-media":"","overlay-type":"","overlay-color":"","overlay-gradient":""},"tablet":{"background-color":"var(--ast-global-color-5)","background-image":"","background-repeat":"repeat","background-position":"center center","background-size":"auto","background-attachment":"scroll","background-type":"","background-media":"","overlay-type":"","overlay-color":"","overlay-gradient":""},"mobile":{"background-color":"var(--ast-global-color-5)","background-image":"","background-repeat":"repeat","background-position":"center center","background-size":"auto","background-attachment":"scroll","background-type":"","background-media":"","overlay-type":"","overlay-color":"","overlay-gradient":""}},"footnotes":""},"class_list":["post-1563","page","type-page","status-publish","hentry"],"_links":{"self":[{"href":"https:\/\/archicad.graphisoft-sued.de\/index.php?rest_route=\/wp\/v2\/pages\/1563","targetHints":{"allow":["GET"]}}],"collection":[{"href":"https:\/\/archicad.graphisoft-sued.de\/index.php?rest_route=\/wp\/v2\/pages"}],"about":[{"href":"https:\/\/archicad.graphisoft-sued.de\/index.php?rest_route=\/wp\/v2\/types\/page"}],"author":[{"embeddable":true,"href":"https:\/\/archicad.graphisoft-sued.de\/index.php?rest_route=\/wp\/v2\/users\/1"}],"replies":[{"embeddable":true,"href":"https:\/\/archicad.graphisoft-sued.de\/index.php?rest_route=%2Fwp%2Fv2%2Fcomments&post=1563"}],"version-history":[{"count":0,"href":"https:\/\/archicad.graphisoft-sued.de\/index.php?rest_route=\/wp\/v2\/pages\/1563\/revisions"}],"wp:attachment":[{"href":"https:\/\/archicad.graphisoft-sued.de\/index.php?rest_route=%2Fwp%2Fv2%2Fmedia&parent=1563"}],"curies":[{"name":"wp","href":"https:\/\/api.w.org\/{rel}","templated":true}]}}