{"id":1560,"date":"2019-10-09T13:18:17","date_gmt":"2019-10-09T13:18:17","guid":{"rendered":"http:\/\/schulung.graphisoft-sued.de\/?page_id=114"},"modified":"2019-10-09T13:18:17","modified_gmt":"2019-10-09T13:18:17","slug":"twinmotion-2","status":"publish","type":"page","link":"https:\/\/archicad.graphisoft-sued.de\/?page_id=1560","title":{"rendered":"Updateschulung"},"content":{"rendered":"\t\t<div data-elementor-type=\"wp-page\" data-elementor-id=\"1560\" class=\"elementor elementor-1560\" data-elementor-post-type=\"page\">\n\t\t\t\t\t\t<section class=\"elementor-section elementor-top-section elementor-element elementor-element-2d2e361f elementor-section-boxed elementor-section-height-default elementor-section-height-default\" data-id=\"2d2e361f\" data-element_type=\"section\">\n\t\t\t\t\t\t<div class=\"elementor-container elementor-column-gap-default\">\n\t\t\t\t\t<div class=\"elementor-column elementor-col-100 elementor-top-column elementor-element elementor-element-2446d24e\" data-id=\"2446d24e\" data-element_type=\"column\">\n\t\t\t<div class=\"elementor-widget-wrap elementor-element-populated\">\n\t\t\t\t\t\t<div class=\"elementor-element elementor-element-386aeb8 elementor-widget elementor-widget-image\" data-id=\"386aeb8\" data-element_type=\"widget\" data-widget_type=\"image.default\">\n\t\t\t\t<div class=\"elementor-widget-container\">\n\t\t\t<style>\/*! elementor - v3.19.0 - 07-02-2024 *\/\n.elementor-widget-image{text-align:center}.elementor-widget-image a{display:inline-block}.elementor-widget-image a img[src$=\".svg\"]{width:48px}.elementor-widget-image img{vertical-align:middle;display:inline-block}<\/style>\t\t\t\t\t\t\t\t\t\t<img decoding=\"async\" src=\"http:\/\/schulung.graphisoft-sued.de\/wp-content\/uploads\/2023\/09\/GT-UPD.png\" title=\"\" alt=\"\" loading=\"lazy\" \/>\t\t\t\t\t\t\t\t\t\t\t\t\t<\/div>\n\t\t\t\t<\/div>\n\t\t\t\t<div class=\"elementor-element elementor-element-5f94447 elementor-widget elementor-widget-text-editor\" data-id=\"5f94447\" data-element_type=\"widget\" data-widget_type=\"text-editor.default\">\n\t\t\t\t<div class=\"elementor-widget-container\">\n\t\t\t<style>\/*! elementor - v3.19.0 - 07-02-2024 *\/\n.elementor-widget-text-editor.elementor-drop-cap-view-stacked .elementor-drop-cap{background-color:#69727d;color:#fff}.elementor-widget-text-editor.elementor-drop-cap-view-framed .elementor-drop-cap{color:#69727d;border:3px solid;background-color:transparent}.elementor-widget-text-editor:not(.elementor-drop-cap-view-default) .elementor-drop-cap{margin-top:8px}.elementor-widget-text-editor:not(.elementor-drop-cap-view-default) .elementor-drop-cap-letter{width:1em;height:1em}.elementor-widget-text-editor .elementor-drop-cap{float:left;text-align:center;line-height:1;font-size:50px}.elementor-widget-text-editor .elementor-drop-cap-letter{display:inline-block}<\/style>\t\t\t\t<p><!-- wp:heading --><\/p>\n<h2>Updateschulung Archicad 24 &#8211; 27<\/h2>\n<p><!-- \/wp:heading --><\/p>\n<p><!-- wp:heading --><\/p>\n<h2>Was werden Sie in diesem Kurs lernen?<\/h2>\n<p><!-- \/wp:paragraph --><\/p>\n<p><!-- wp:paragraph --><\/p>\n<p>Der Updatekurs beinhaltet alle Funktionen und Werkzeuge, die ge\u00e4ndert wurden oder neu dazugekommen sind. Neben der gro\u00dfen Neuerung, der Variantenplanung und Issue-Management, wird auch gro\u00dfer Wert auf die Vermittlung der vielen kleinen \u00c4nderungen an der Oberfl\u00e4che und im Workflow gelegt. Dieser Kurs wird Sie optimal darauf vorbereiten, alle Neuerungen in ihren Arbeitsalltag zu integrieren, damit Sie das volle Potenzial aus den letzten Archicad Versionen sch\u00f6pfen k\u00f6nnen.<\/p>\n<p><!-- \/wp:paragraph --><\/p>\n<p><!-- wp:heading --><\/p>\n<h2>Inhalt<\/h2>\n<p><!-- \/wp:heading --><\/p>\n<p><!-- wp:list --><\/p>\n<ul>\n<li>Issue-Management<\/li>\n<li>Modellvergleich<\/li>\n<li>\u00c4nderung Treppenwerkzeug<\/li>\n<li>R\u00e4ume im Schnitt<\/li>\n<li>Neue Berechnungsregeln (Konditionale Werte)<\/li>\n<li>Texturen in Ansichten \/ Schnitten<\/li>\n<li>Vermessungspunkt (Projekt-Null-Punkt)<\/li>\n<li>Migration von Archicad-Projekten<\/li>\n<li>Variantenplanung (Design Options)<\/li>\n<li>Erweiterte Suchfunktionen<\/li>\n<li>Neue Distance Guides<\/li>\n<li>Editierung Auswertungen\/Listen<\/li>\n<li>BIMx Verbesserungen (Etiketten\/Sonnenstand\/Issues)<\/li>\n<li>&#8230;<\/li>\n<\/ul>\n<p><!-- \/wp:list --><\/p>\n<p><!-- wp:heading --><\/p>\n<h2>Voraussetzung<\/h2>\n<p><!-- \/wp:heading --><\/p>\n<p><!-- wp:paragraph --><\/p>\n<p>Gute Archicad Kenntnisse von Vorteil<\/p>\n<p><!-- \/wp:paragraph --><\/p>\n<p><!-- wp:heading --><\/p>\n<h2>Kursdauer<\/h2>\n<p><!-- \/wp:heading --><\/p>\n<p><!-- wp:paragraph {\"backgroundColor\":\"cyan-bluish-gray\"} --><\/p>\n<p class=\"has-background has-cyan-bluish-gray-background-color\"><span class=\"tadv-color\" style=\"color: #313131;\"><i class=\"fas fa-user-clock\" style=\"font-size: 1.50em;\"><\/i>\u00a0 \u00a0 ganzt\u00e4giges Schulungsmodul<\/span><\/p>\n<p><!-- \/wp:paragraph --><\/p>\n<p><!-- wp:paragraph {\"backgroundColor\":\"cyan-bluish-gray\"} --><\/p>\n<p class=\"has-background has-cyan-bluish-gray-background-color\"><span class=\"tadv-color\" style=\"color: #313131;\"> <i class=\"fas fa-clock\" style=\"font-size: 1.50em;\"><\/i> \u00a0\u00a0\u00a0 \u00a0Schulungszeiten jeweils von 9 Uhr &#8211; 16 Uhr (1 Std. Mittagspause)<\/span><\/p>\n<p><!-- \/wp:paragraph --><\/p>\n<p><!-- wp:paragraph {\"backgroundColor\":\"cyan-bluish-gray\"} --><\/p>\n<p class=\"has-background has-cyan-bluish-gray-background-color\"><span class=\"tadv-color\" style=\"color: #313131;\"> <i class=\"fas fa-book\" style=\"font-size: 1.50em;\"><\/i> \u00a0\u00a0\u00a0\u00a0 \u00a0Der Kurs basiert auf einem \u00fcber 100 seitigen Skript welches jedem Schulungsteilnehmer zur Verf\u00fcgung gestellt wird<\/span><\/p>\n<p><!-- \/wp:paragraph --><\/p>\n<p><!-- wp:paragraph {\"backgroundColor\":\"cyan-bluish-gray\"} --><\/p>\n<p class=\"has-background has-cyan-bluish-gray-background-color\"><span class=\"tadv-color\" style=\"color: #313131;\"> <i class=\"fas fa-info-circle\" style=\"font-size: 1.50em;\"><\/i> \u00a0\u00a0\u00a0\u00a0 Fort-\/Weiterbildungspunkte f\u00fcr die Architektenkammer Baden-W\u00fcrttemberg<\/span><\/p>\n<h2>Investition je Teilnehmer:<\/h2>\n<p><!-- \/wp:paragraph --><\/p>\n<p><!-- wp:paragraph --><\/p>\n<p>500,- Euro (exkl. USt.) ohne ArchiCARD\/Forward<br \/>400,- Euro (exkl. USt.) f\u00fcr unsere ArchiCARD\/Forward Kunden<\/p>\n<p><span style=\"font-size: 10pt;\">Die Rechnungsstellung erfolgt nach Anmeldung.\u00a0<\/span><span style=\"font-size: 10pt;\">Zahlungsziel: Innerhalb 8 Tagen, rein Netto.<\/span><\/p>\n<p><span style=\"font-size: small;\">Sie m\u00f6chten mehr als 5 Personen aus Ihrem B\u00fcro anmelden &#8211; kontaktieren Sie uns gerne telefonisch f\u00fcr Sonderkonditionen. (Tel 08386 9999010)<\/span><\/p>\n<p><!-- \/wp:paragraph --><\/p>\t\t\t\t\t\t<\/div>\n\t\t\t\t<\/div>\n\t\t\t\t\t<\/div>\n\t\t<\/div>\n\t\t\t\t\t<\/div>\n\t\t<\/section>\n\t\t\t\t<section class=\"elementor-section elementor-top-section elementor-element elementor-element-2fa105b elementor-section-boxed elementor-section-height-default elementor-section-height-default\" data-id=\"2fa105b\" data-element_type=\"section\">\n\t\t\t\t\t\t<div class=\"elementor-container elementor-column-gap-default\">\n\t\t\t\t\t<div class=\"elementor-column elementor-col-100 elementor-top-column elementor-element elementor-element-5a7ac13\" data-id=\"5a7ac13\" data-element_type=\"column\">\n\t\t\t<div class=\"elementor-widget-wrap elementor-element-populated\">\n\t\t\t\t\t\t<div class=\"elementor-element elementor-element-d1ce5d4 elementor-widget elementor-widget-wp-widget-xyz_insert_php_widget\" data-id=\"d1ce5d4\" data-element_type=\"widget\" data-widget_type=\"wp-widget-xyz_insert_php_widget.default\">\n\t\t\t\t<div class=\"elementor-widget-container\">\n\t\t\t<div class=\"kursterminouter clearfix\">\r\n\t<div class=\"clearfix kurstermininner\">\r\n\t\t<h3>Kurstermine &amp; Anmeldung<\/h3>\r\n\t\t<h4>Termine<\/h4>\r\n\t\t<ul class=\"kurstermin-wrap\">\r\n\t\t\t<li class=\"kurstermin-content\">\r\n\t\t\t\t<span class=\"kurstermin-link\">\r\n\t\t\t\t\t<span class=\"kurstermin-headline status-rot\">Termine auf Anfrage<\/span>\r\n\t\t\t\t<\/span>\r\n\t\t\t<\/li>\r\n\t\t<\/ul>\r\n\t<\/div>\r\n\t<div class=\"clearfix kursortinner\">\n        <h4>Schulungs-Ort: &nbsp;GRAPHISOFT Center S\u00fcd \u2022 Sammlungsgasse 4 \u2022 89073 Ulm &nbsp;&nbsp;\n<a href=\"https:\/\/goo.gl\/maps\/Wavtp9bbKh7ggM7Y8\" target=\u201d_blank\u201d >Anfahrt<\/a><\/h4>\n<p><\/p>\n\t<div class=\"kursauslastung clearfix\">\n\t\t<p class=\"kurstermin-headline status-gruen\">Es sind genug Pl\u00e4tze vorhanden.<\/p>\n\t\t<p class=\"kurstermin-headline status-gelb\">Nur noch wenige Pl\u00e4tze frei.<\/p>\n\t\t<p class=\"kurstermin-headline status-rot\">Leider keine Pl\u00e4tze mehr frei.<br>\n\t\t\t<span class=\"wartelist\">Anmeldung auf Warteliste m\u00f6glich.<\/span><\/p>\n\t<\/div>\n<\/div>\r\n<\/div>\t\t<\/div>\n\t\t\t\t<\/div>\n\t\t\t\t\t<\/div>\n\t\t<\/div>\n\t\t\t\t\t<\/div>\n\t\t<\/section>\n\t\t\t\t<section class=\"elementor-section elementor-top-section elementor-element elementor-element-567bda0 elementor-section-boxed elementor-section-height-default elementor-section-height-default\" data-id=\"567bda0\" data-element_type=\"section\">\n\t\t\t\t\t\t<div class=\"elementor-container elementor-column-gap-default\">\n\t\t\t\t\t<div class=\"elementor-column elementor-col-100 elementor-top-column elementor-element elementor-element-2343fb1\" data-id=\"2343fb1\" data-element_type=\"column\">\n\t\t\t<div class=\"elementor-widget-wrap elementor-element-populated\">\n\t\t\t\t\t\t<div class=\"elementor-element elementor-element-58e49ca elementor-widget elementor-widget-text-editor\" data-id=\"58e49ca\" data-element_type=\"widget\" data-widget_type=\"text-editor.default\">\n\t\t\t\t<div class=\"elementor-widget-container\">\n\t\t\t\t\t\t\t<h2>Hybrid \/ Onlineschulung<\/h2>\n<p>Alle\u00a0Schulungen k\u00f6nnen Sie in gleicher Qualit\u00e4t auch <strong>online<\/strong> besuchen. Unsere Hybrid-Kurse finden gleichzeitig vor Ort und online statt. Die Voraussetzungen zur Online-Schulung finden Sie hier:<\/p>\n<p><a href=\"http:\/\/schulung.graphisoft-sued.de\/online-schulungen\/\">Informationen zur Online-Teilnahme<\/a><\/p>\t\t\t\t\t\t<\/div>\n\t\t\t\t<\/div>\n\t\t\t\t\t<\/div>\n\t\t<\/div>\n\t\t\t\t\t<\/div>\n\t\t<\/section>\n\t\t\t\t<section class=\"elementor-section elementor-top-section elementor-element elementor-element-646ff15 elementor-section-boxed elementor-section-height-default elementor-section-height-default\" data-id=\"646ff15\" data-element_type=\"section\">\n\t\t\t\t\t\t<div class=\"elementor-container elementor-column-gap-default\">\n\t\t\t\t\t<div class=\"elementor-column elementor-col-100 elementor-top-column elementor-element elementor-element-31f64de\" data-id=\"31f64de\" data-element_type=\"column\">\n\t\t\t<div class=\"elementor-widget-wrap elementor-element-populated\">\n\t\t\t\t\t\t<div class=\"elementor-element elementor-element-05308c3 elementor-widget elementor-widget-text-editor\" data-id=\"05308c3\" data-element_type=\"widget\" data-widget_type=\"text-editor.default\">\n\t\t\t\t<div class=\"elementor-widget-container\">\n\t\t\t\t\t\t\t<h2 style=\"caret-color: #000000; color: #000000;\">Die Kurstermine f\u00fcr das gesamte Jahr finden Sie hier:<\/h2>\t\t\t\t\t\t<\/div>\n\t\t\t\t<\/div>\n\t\t\t\t\t<\/div>\n\t\t<\/div>\n\t\t\t\t\t<\/div>\n\t\t<\/section>\n\t\t\t\t<section class=\"elementor-section elementor-top-section elementor-element elementor-element-131c706 elementor-section-boxed elementor-section-height-default elementor-section-height-default\" data-id=\"131c706\" data-element_type=\"section\">\n\t\t\t\t\t\t<div class=\"elementor-container elementor-column-gap-default\">\n\t\t\t\t\t<div class=\"elementor-column elementor-col-100 elementor-top-column elementor-element elementor-element-7842b6e\" data-id=\"7842b6e\" data-element_type=\"column\">\n\t\t\t<div class=\"elementor-widget-wrap elementor-element-populated\">\n\t\t\t\t\t\t<div class=\"elementor-element elementor-element-b5ba909 elementor-widget__width-auto elementor-hidden-tablet elementor-hidden-phone elementor-widget elementor-widget-image\" data-id=\"b5ba909\" data-element_type=\"widget\" data-widget_type=\"image.default\">\n\t\t\t\t<div class=\"elementor-widget-container\">\n\t\t\t\t\t\t\t\t\t\t\t\t\t\t<a href=\"http:\/\/schulung.graphisoft-sued.de\/kurskalender\">\n\t\t\t\t\t\t\t<img decoding=\"async\" src=\"http:\/\/schulung.graphisoft-sued.de\/wp-content\/uploads\/2020\/06\/Bildschirmfoto-2020-06-30-um-17.05.12.png\" title=\"\" alt=\"\" class=\"elementor-animation-grow\" loading=\"lazy\" \/>\t\t\t\t\t\t\t\t<\/a>\n\t\t\t\t\t\t\t\t\t\t\t\t\t<\/div>\n\t\t\t\t<\/div>\n\t\t\t\t\t<\/div>\n\t\t<\/div>\n\t\t\t\t\t<\/div>\n\t\t<\/section>\n\t\t\t\t<\/div>\n\t\t","protected":false},"excerpt":{"rendered":"<p>Updateschulung Archicad 24 &#8211; 27 Was werden Sie in diesem Kurs lernen? Der Updatekurs beinhaltet alle Funktionen und Werkzeuge, die [&hellip;]<\/p>\n","protected":false},"author":1,"featured_media":0,"parent":0,"menu_order":0,"comment_status":"closed","ping_status":"closed","template":"","meta":{"site-sidebar-layout":"default","site-content-layout":"","ast-site-content-layout":"","site-content-style":"default","site-sidebar-style":"default","ast-global-header-display":"","ast-banner-title-visibility":"","ast-main-header-display":"","ast-hfb-above-header-display":"","ast-hfb-below-header-display":"","ast-hfb-mobile-header-display":"","site-post-title":"","ast-breadcrumbs-content":"","ast-featured-img":"","footer-sml-layout":"","theme-transparent-header-meta":"","adv-header-id-meta":"","stick-header-meta":"","header-above-stick-meta":"","header-main-stick-meta":"","header-below-stick-meta":"","astra-migrate-meta-layouts":"default","ast-page-background-enabled":"default","ast-page-background-meta":{"desktop":{"background-color":"var(--ast-global-color-4)","background-image":"","background-repeat":"repeat","background-position":"center center","background-size":"auto","background-attachment":"scroll","background-type":"","background-media":"","overlay-type":"","overlay-color":"","overlay-gradient":""},"tablet":{"background-color":"","background-image":"","background-repeat":"repeat","background-position":"center center","background-size":"auto","background-attachment":"scroll","background-type":"","background-media":"","overlay-type":"","overlay-color":"","overlay-gradient":""},"mobile":{"background-color":"","background-image":"","background-repeat":"repeat","background-position":"center center","background-size":"auto","background-attachment":"scroll","background-type":"","background-media":"","overlay-type":"","overlay-color":"","overlay-gradient":""}},"ast-content-background-meta":{"desktop":{"background-color":"var(--ast-global-color-5)","background-image":"","background-repeat":"repeat","background-position":"center center","background-size":"auto","background-attachment":"scroll","background-type":"","background-media":"","overlay-type":"","overlay-color":"","overlay-gradient":""},"tablet":{"background-color":"var(--ast-global-color-5)","background-image":"","background-repeat":"repeat","background-position":"center center","background-size":"auto","background-attachment":"scroll","background-type":"","background-media":"","overlay-type":"","overlay-color":"","overlay-gradient":""},"mobile":{"background-color":"var(--ast-global-color-5)","background-image":"","background-repeat":"repeat","background-position":"center center","background-size":"auto","background-attachment":"scroll","background-type":"","background-media":"","overlay-type":"","overlay-color":"","overlay-gradient":""}},"footnotes":""},"class_list":["post-1560","page","type-page","status-publish","hentry"],"_links":{"self":[{"href":"https:\/\/archicad.graphisoft-sued.de\/index.php?rest_route=\/wp\/v2\/pages\/1560","targetHints":{"allow":["GET"]}}],"collection":[{"href":"https:\/\/archicad.graphisoft-sued.de\/index.php?rest_route=\/wp\/v2\/pages"}],"about":[{"href":"https:\/\/archicad.graphisoft-sued.de\/index.php?rest_route=\/wp\/v2\/types\/page"}],"author":[{"embeddable":true,"href":"https:\/\/archicad.graphisoft-sued.de\/index.php?rest_route=\/wp\/v2\/users\/1"}],"replies":[{"embeddable":true,"href":"https:\/\/archicad.graphisoft-sued.de\/index.php?rest_route=%2Fwp%2Fv2%2Fcomments&post=1560"}],"version-history":[{"count":0,"href":"https:\/\/archicad.graphisoft-sued.de\/index.php?rest_route=\/wp\/v2\/pages\/1560\/revisions"}],"wp:attachment":[{"href":"https:\/\/archicad.graphisoft-sued.de\/index.php?rest_route=%2Fwp%2Fv2%2Fmedia&parent=1560"}],"curies":[{"name":"wp","href":"https:\/\/api.w.org\/{rel}","templated":true}]}}