{"id":122,"date":"2019-10-16T11:02:46","date_gmt":"2019-10-16T11:02:46","guid":{"rendered":"http:\/\/schulung.graphisoft-sued.de\/?page_id=122"},"modified":"2025-01-14T15:54:34","modified_gmt":"2025-01-14T15:54:34","slug":"impressum","status":"publish","type":"page","link":"https:\/\/archicad.graphisoft-sued.de\/?page_id=122","title":{"rendered":"Impressum"},"content":{"rendered":"\t\t<div data-elementor-type=\"wp-page\" data-elementor-id=\"122\" class=\"elementor elementor-122\" data-elementor-post-type=\"page\">\n\t\t\t\t<div class=\"elementor-element elementor-element-3b76d387 e-flex e-con-boxed e-con e-parent\" data-id=\"3b76d387\" data-element_type=\"container\" data-settings=\"{&quot;content_width&quot;:&quot;boxed&quot;}\" data-core-v316-plus=\"true\">\n\t\t\t\t\t<div class=\"e-con-inner\">\n\t\t\t\t<div class=\"elementor-element elementor-element-2b4daae2 elementor-widget elementor-widget-text-editor\" data-id=\"2b4daae2\" data-element_type=\"widget\" data-widget_type=\"text-editor.default\">\n\t\t\t\t<div class=\"elementor-widget-container\">\n\t\t\t<style>\/*! elementor - v3.19.0 - 07-02-2024 *\/\n.elementor-widget-text-editor.elementor-drop-cap-view-stacked .elementor-drop-cap{background-color:#69727d;color:#fff}.elementor-widget-text-editor.elementor-drop-cap-view-framed .elementor-drop-cap{color:#69727d;border:3px solid;background-color:transparent}.elementor-widget-text-editor:not(.elementor-drop-cap-view-default) .elementor-drop-cap{margin-top:8px}.elementor-widget-text-editor:not(.elementor-drop-cap-view-default) .elementor-drop-cap-letter{width:1em;height:1em}.elementor-widget-text-editor .elementor-drop-cap{float:left;text-align:center;line-height:1;font-size:50px}.elementor-widget-text-editor .elementor-drop-cap-letter{display:inline-block}<\/style>\t\t\t\t<!-- wp:paragraph -->\n<p>Inhaltlich Verantwortlicher i.S. des Presserechtes bzw. des Teledienstegesetzes (TDG) bzw. gem\u00e4\u00df \u00a7 6 MDStV:<\/p>\n<!-- \/wp:paragraph --><!-- wp:paragraph -->\n<p>Graphisoft Center S\u00fcd<br \/>Paul-Rieder-Stra\u00dfe 8<br \/>D-87534 Oberstaufen<br \/>Tel: +49 8386 \/ 9999 010<br \/>Fax: +49 8386 \/ 9999 019<br \/>E-mail: buero@graphisoft-sued.de<br \/><a href=\"http:\/\/www.graphisoft-sued.de\/\">www.graphisoft-sued.de<\/a><\/p>\n<!-- \/wp:paragraph --><!-- wp:paragraph -->\n<p>Inhaber: Bj\u00f6rn Braitmayer<\/p>\n<!-- \/wp:paragraph --><!-- wp:paragraph --><!-- \/wp:paragraph --><!-- wp:heading {\"level\":3} -->\n<h3>Haftungsauschluss<\/h3>\n<!-- \/wp:heading --><!-- wp:paragraph -->\n<p>F\u00fcr Internetseiten Dritter, auf die der Inhaber durch Hyperlink verweist, tragen die jeweiligen Anbieter die Verantwortung. Der Inhaber ist f\u00fcr den Inhalt solcher Seiten Dritter nicht verantwortlich. Der Inhaber macht sich diese Inhalte nicht zueigen und \u00fcbernimmt f\u00fcr diese keinerlei Haftung.<\/p>\n<!-- \/wp:paragraph --><!-- wp:paragraph -->\n<p>Des weiteren kann die Website des Inhabers ohne Wissen dessen von einer anderen Web-Seite mittels Hyperlink verlinkt worden sein. Der Inhaber \u00fcbernimmt keine Verantwortung f\u00fcr Darstellungen, Inhalt oder irgendeiner Verbindung zu ihm in Web-Seiten Dritter. F\u00fcr die Richtigkeit der Texte und Darstellungen auf dieser Webseite wird keinerlei Haftung \u00fcbernommen. Die einzelnen Inhalte und Elemente wurden nach bestem Wissen und Gewissen erstellt, k\u00f6nnen aber stets auch Fehler enthalten.<\/p>\n<!-- \/wp:paragraph --><!-- wp:heading {\"level\":3} -->\n<h3>Bildnachweis<\/h3>\n<!-- \/wp:heading --><!-- wp:paragraph -->\n<p>F\u00fcr die verwendeten Bilder wurden die Bildrechte gekl\u00e4rt.<br \/>F\u00fcr fremdes Bildmaterial liegt die Zustimmung der Rechtsinhaber vor.<\/p>\n<!-- \/wp:paragraph --><!-- wp:paragraph -->\n<p><em>Der Nutzung von im Rahmen der Impressumpflicht ver\u00f6ffentlichten Kontaktdaten vom GRAPHISOFT Center S\u00fcd durch Dritte zur \u00dcbersendung von nicht ausdr\u00fccklich angeforderter Werbung und Informationsmaterialen wird hiermit ausdr\u00fccklich widersprochen. Der Betreiber der Website beh\u00e4lt sich rechtliche Ma\u00dfnahmen im Fall der unverlangten Zusendung von Werbung und Informationsmaterialien, etwa durch Spam-Mails, vor.<\/em><\/p>\n<!-- \/wp:paragraph -->\t\t\t\t\t\t<\/div>\n\t\t\t\t<\/div>\n\t\t\t\t\t<\/div>\n\t\t\t\t<\/div>\n\t\t\t\t<\/div>\n\t\t","protected":false},"excerpt":{"rendered":"<p>Inhaltlich Verantwortlicher i.S. des Presserechtes bzw. des Teledienstegesetzes (TDG) bzw. gem\u00e4\u00df \u00a7 6 MDStV: Graphisoft Center S\u00fcdPaul-Rieder-Stra\u00dfe 8D-87534 OberstaufenTel: +49 [&hellip;]<\/p>\n","protected":false},"author":1,"featured_media":0,"parent":0,"menu_order":0,"comment_status":"closed","ping_status":"closed","template":"","meta":{"site-sidebar-layout":"default","site-content-layout":"","ast-site-content-layout":"","site-content-style":"default","site-sidebar-style":"default","ast-global-header-display":"","ast-banner-title-visibility":"","ast-main-header-display":"","ast-hfb-above-header-display":"","ast-hfb-below-header-display":"","ast-hfb-mobile-header-display":"","site-post-title":"","ast-breadcrumbs-content":"","ast-featured-img":"","footer-sml-layout":"","theme-transparent-header-meta":"","adv-header-id-meta":"","stick-header-meta":"","header-above-stick-meta":"","header-main-stick-meta":"","header-below-stick-meta":"","astra-migrate-meta-layouts":"default","ast-page-background-enabled":"default","ast-page-background-meta":{"desktop":{"background-color":"var(--ast-global-color-4)","background-image":"","background-repeat":"repeat","background-position":"center center","background-size":"auto","background-attachment":"scroll","background-type":"","background-media":"","overlay-type":"","overlay-color":"","overlay-gradient":""},"tablet":{"background-color":"","background-image":"","background-repeat":"repeat","background-position":"center center","background-size":"auto","background-attachment":"scroll","background-type":"","background-media":"","overlay-type":"","overlay-color":"","overlay-gradient":""},"mobile":{"background-color":"","background-image":"","background-repeat":"repeat","background-position":"center center","background-size":"auto","background-attachment":"scroll","background-type":"","background-media":"","overlay-type":"","overlay-color":"","overlay-gradient":""}},"ast-content-background-meta":{"desktop":{"background-color":"var(--ast-global-color-5)","background-image":"","background-repeat":"repeat","background-position":"center center","background-size":"auto","background-attachment":"scroll","background-type":"","background-media":"","overlay-type":"","overlay-color":"","overlay-gradient":""},"tablet":{"background-color":"var(--ast-global-color-5)","background-image":"","background-repeat":"repeat","background-position":"center center","background-size":"auto","background-attachment":"scroll","background-type":"","background-media":"","overlay-type":"","overlay-color":"","overlay-gradient":""},"mobile":{"background-color":"var(--ast-global-color-5)","background-image":"","background-repeat":"repeat","background-position":"center center","background-size":"auto","background-attachment":"scroll","background-type":"","background-media":"","overlay-type":"","overlay-color":"","overlay-gradient":""}},"footnotes":""},"class_list":["post-122","page","type-page","status-publish","hentry"],"_links":{"self":[{"href":"https:\/\/archicad.graphisoft-sued.de\/index.php?rest_route=\/wp\/v2\/pages\/122","targetHints":{"allow":["GET"]}}],"collection":[{"href":"https:\/\/archicad.graphisoft-sued.de\/index.php?rest_route=\/wp\/v2\/pages"}],"about":[{"href":"https:\/\/archicad.graphisoft-sued.de\/index.php?rest_route=\/wp\/v2\/types\/page"}],"author":[{"embeddable":true,"href":"https:\/\/archicad.graphisoft-sued.de\/index.php?rest_route=\/wp\/v2\/users\/1"}],"replies":[{"embeddable":true,"href":"https:\/\/archicad.graphisoft-sued.de\/index.php?rest_route=%2Fwp%2Fv2%2Fcomments&post=122"}],"version-history":[{"count":4,"href":"https:\/\/archicad.graphisoft-sued.de\/index.php?rest_route=\/wp\/v2\/pages\/122\/revisions"}],"predecessor-version":[{"id":2016,"href":"https:\/\/archicad.graphisoft-sued.de\/index.php?rest_route=\/wp\/v2\/pages\/122\/revisions\/2016"}],"wp:attachment":[{"href":"https:\/\/archicad.graphisoft-sued.de\/index.php?rest_route=%2Fwp%2Fv2%2Fmedia&parent=122"}],"curies":[{"name":"wp","href":"https:\/\/api.w.org\/{rel}","templated":true}]}}